{"id":611,"date":"2024-10-07T16:02:23","date_gmt":"2024-10-07T16:02:23","guid":{"rendered":"https:\/\/sistemasanisa.com\/?page_id=611"},"modified":"2025-04-13T05:19:14","modified_gmt":"2025-04-13T05:19:14","slug":"por-que-nos-equivocamos","status":"publish","type":"page","link":"https:\/\/sistemasanisa.com\/index.php\/577-2\/por-que-nos-equivocamos\/","title":{"rendered":"\u00bfPor qu\u00e9 nos equivocamos?"},"content":{"rendered":"<p><span style=\"font-size: large;\">Sumario:<\/span><\/p>\n<ul>\n<li><span style=\"font-size: large;\">Estructura de nuestro cerebro<\/span><\/li>\n<li><span style=\"font-size: large;\">El cerebro emocional<\/span><\/li>\n<li><span style=\"font-size: large;\">El cerebro racional<\/span><\/li>\n<li><span style=\"font-size: large;\">El cerebro del inconsciente<\/span><\/li>\n<\/ul>\n<h3 class=\"western\"><strong><span style=\"font-size: large;\">1 &#8211; Estructura de nuestro cerebro<\/span><\/strong><\/h3>\n<p><strong>\u00a0<\/strong><span style=\"font-size: large;\">La primera pregunta que nos hacemos es: \u00bfHace falta saber la estructura de nuestro\u00a0 cerebro para no\u00a0 equivocarnos? Lo contestaremos con un ejemplo. \u00bfHace falta conocer el\u00a0 motor de un coche para conducir bien? Si vamos a conducir con prudencia, respetar el\u00a0 c\u00f3digo, la velocidad, la distancia, etc. No hace falta saber como funciona el motor. Pero si\u00a0 queremos optimizar el\u00a0 consumo del\u00a0 combustible, queremos que el coche nos dure muchos a\u00f1os y kms, evitar al m\u00e1ximo las aver\u00edas larga vida para la bater\u00eda, el m\u00e1ximo repr\u00eds en los adelantamientos, etc.\u00a0 A mejor conocimiento del\u00a0 motor mejores prestaciones.<\/span><\/p>\n<p><span style=\"font-size: large;\">Lo mismo\u00a0 ocurre con nuestro\u00a0 cerebro, si funcionamos\u00a0 dentro de nuestra \u00e1rea de confort, si\u00a0 tomamos decisiones sin ning\u00fan riesgo, si nuestras aspiraciones se limitan a temas que conocemos y dominamos, nos basta y sobra\u00a0 con el\u00a0 sentido\u00a0 com\u00fan. Ahora bien, si queremos superarnos, avanzar en conocimientos y pr\u00e1cticas con los menos errores posibles, para no perder por un error todo o parte de lo que hemos ganado\u00a0 con nuestro esfuerzo, si\u00a0 queremos explorar nuevos \u00e1mbitos en linea con\u00a0 nuestra profesi\u00f3n y nuestras aficiones de las manera mas efectivas, ser\u00e1 una buena ayuda saber como\u00a0 funcionamos.<\/span><\/p>\n<p><span style=\"font-size: large;\">Nuestro cerebro es una maravilla, la cantidad de funciones que ejerce, no las vamos a describir aqu\u00ed pues excede de nuestras pretensiones, nos limitamos a comentar someramente donde radican: el pensamiento, el conocimiento, las emociones, los h\u00e1bitos y \u00a0los sentimientos como el\u00a0 miedo, la culpa, el\u00a0 amor, el\u00a0 enfado\u2026..<\/span><\/p>\n<p><span style=\"font-size: large;\">En la toma de decisiones participan tres cerebros: El emocional, el\u00a0 racional y el \u00a0inconsciente.<\/span><\/p>\n<h3 class=\"western\"><strong><span style=\"font-size: large;\">2 \u2013 El cerebro emocional<\/span><\/strong><\/h3>\n<p><strong>\u00a0<\/strong><span style=\"font-size: large;\">Es el\u00a0 mas antiguo en el origen\u00a0 de la humanidad,\u00a0 es el\u00a0 que nos asemeja mas a los animales, es de sobras conocido en los animales\u00a0 el\u00a0 sentimiento de protecci\u00f3n de las hembras para sus cr\u00edas, como\u00a0 los humanos, el\u00a0 cari\u00f1o que tienen los perros para sus amos y en\u00a0 general los animales dom\u00e9sticos y reba\u00f1os para sus cuidadores, el sentido\u00a0 grupal de muchas especies, tambi\u00e9n\u00a0 los humanos somos en general\u00a0 seres\u00a0 sociales y con\u00a0 el\u00a0 sentido\u00a0 de grupo, los animales tienen muy desarrollado el sentido del h\u00e1bito, comportamientos repetitivos como nosotros. Etc.etc.<\/span><\/p>\n<p><span style=\"font-size: large;\">La potencia o capacidad de este cerebro\u00a0 se podr\u00eda medir con un coeficiente <\/span><strong><span style=\"font-size: large;\">emocional<\/span><\/strong><span style=\"font-size: large;\">, las personas con un alto coeficiente emocional son personas con una alta sensibilidad, un fuerte sentido de grupo, necesidad asociativa, buena memoria por que se fijan\u00a0 en los detalles de los dem\u00e1s, su\u00a0 alta sensibilidad hace que vivan mas intensamente la alegr\u00eda de los momentos agradables y\u00a0 tambi\u00e9n con\u00a0 mas tristeza los momentos desagradables, <strong>es decir gestionan con mas dificulta<\/strong><\/span><strong><span style=\"font-size: large;\">d<\/span><span style=\"font-size: large;\"> sus emociones.<\/span><\/strong><\/p>\n<p><span style=\"font-size: large;\"><strong>Un<\/strong>a persona con un bajo coeficiente emocional ser\u00e1 una persona poco sociable e insensible<\/span><\/p>\n<p><span style=\"font-size: large;\">Estas caracter\u00edsticas son en parte innatas y\u00a0 digo solo en parte porque a lo largo de la vida se van modificando\u00a0 en funci\u00f3n del ambiente que nos rodea, de las personas con las que nos relacionamos van tambi\u00e9n\u00a0 modelando nuestro car\u00e1cter, si nos relacionamos con\u00a0 personas alegres, generosas, majas vamos mejorando , pero si\u00a0 nos relacionamos con personas tristes, complicadas, problem\u00e1ticas vamos empeorando.\u00a0 Las personas imitamos\u00a0\u00a0 nuestro entorno de aqu\u00ed la importancia de las vivencias familiares, de la escuela, de los amigos.<\/span><\/p>\n<h3 class=\"western\"><strong><span style=\"font-size: large;\">3 \u2013 El cerebro racional <\/span><\/strong><\/h3>\n<p><strong>\u00a0<\/strong><span style=\"font-size: large;\">En la historia de la humanidad se desarrolla con posterioridad,<strong> en este cerebro radica el pensamiento, el razonamiento, el proceso intelectual, la capacidad para elegir entre varia opciones.<\/strong> Ciertamente que este cerebro s\u00ed\u00a0 que nos distingue de los animales, que ellos no\u00a0 poseen, la prueba de ello\u00a0 que las especies animales viven exactamente igual que hace 1.000 a\u00f1os y la vida del\u00a0 hombre ha ido cambiando.<\/span><\/p>\n<p><span style=\"font-size: large;\">La potencia de este cerebro se puede medir con el\u00a0 coeficiente intelectual, las personas con un alto coeficiente intelectual tienen mas facilidad para aprender cosas nuevas, para entender las cosas abstractas, mas imaginaci\u00f3n. Esta capacidad es desde luego innata pero tambi\u00e9n\u00a0 se puede modificar a lo largo de la vida, mejora con el estudio, con el esfuerzo, con la concentraci\u00f3n y empeora si no se cuida.<\/span><\/p>\n<p><span style=\"font-size: large;\">Cuando hemos de tomar una decisi\u00f3n la primera respuesta que aparece es siempre la emocional , la respuesta racional es mas lenta, requiere algo\u00a0 mas de tiempo, precisa una reflexi\u00f3n previa, por eso en una situaci\u00f3n urgente e inesperada predominar\u00e1 la reacci\u00f3n emocional , para actuar de manera racional\u00a0 hace falta darse algo\u00a0 mas de tiempo<\/span><\/p>\n<h3 class=\"western\"><strong><span style=\"font-size: large;\">4 \u2013 El cerebro inconsciente<\/span><\/strong><\/h3>\n<p><span style=\"font-size: large;\">Este cerebro\u00a0 tiene dos funciones por un lado gobierna funciones b\u00e1sicas\u00a0 y vitales del\u00a0 organismo como la respiraci\u00f3n, el metabolismo \u2026.<\/span><\/p>\n<p><span style=\"font-size: large;\">Y por otro lado archiva y guarda todas las experiencias y conocimientos que vamos teniendo\u00a0 a lo largo\u00a0 de la vida, incluso de las que vamos perdiendo\u00a0 memoria,\u00a0 hay\u00a0 cuestiones de las que no nos acordamos pero est\u00e1n ah\u00ed guardadas en\u00a0 el\u00a0 inconsciente con las que generar\u00e1 los h\u00e1bitos y\u00a0 reacciones espont\u00e1neas, aquellas en las que no participa la voluntad.<\/span><\/p>\n<p><span style=\"font-size: large;\">Los tres cerebros est\u00e1n conectados por neuronas, quiere decir que hay una comunicaci\u00f3n entre ambos y\u00a0 se influyen\u00a0 uno sobre el otro, una emoci\u00f3n puede cambiar un razonamiento y viceversa. los tres cerebros son necesarios, una buena opci\u00f3n\u00a0 es que haya un equilibrio entre todos.<\/span><\/p>\n<p><span style=\"font-size: large;\">Aqu\u00ed podemos\u00a0 hablar de un tema nuevo\u00a0 <\/span><strong><span style=\"font-size: large;\">la Intuici\u00f3n, <\/span><\/strong><span style=\"font-size: large;\">se dice que la intuici\u00f3n es como una voz interior que nos gu\u00eda por el\u00a0 camino\u00a0 correcto, esto es verdad a medias, la intuici\u00f3n trabaja con todo\u00a0 el material que tiene recogido en los diferentes cerebros. Sobre los temas de los que no hay conocimiento la intuici\u00f3n no\u00a0 tiene opini\u00f3n y no nos puede guiar.<\/span><\/p>\n<p><span style=\"font-size: large;\">Si se nos plantea una cuesti\u00f3n sobre la f\u00edsica cu\u00e1ntica, tema del cual no tenemos ninguna idea, la intuici\u00f3n no nos podr\u00e1 ofrecer ninguna respuesta.<\/span><\/p>\n<h3 class=\"western\"><strong><span style=\"font-size: large;\">5 \u2013 Por qu\u00e9 nos equivocamos?<\/span><\/strong><\/h3>\n<p><strong>\u00a0<\/strong><span style=\"font-size: large;\">Con todo lo explicado se va viendo\u00a0 por donde va el tema, pero profundicemos un poco\u00a0 mas.<\/span><\/p>\n<p><span style=\"font-size: large;\">Hay dos tipos de errores: Por acci\u00f3n y por omisi\u00f3n. Aunque nos vamos a dedicar mas a los primeros no est\u00e1 de mas una referencia a los segundos. Si se presenta una ocasi\u00f3n de participar en una buena inversi\u00f3n, en una buena amistad, en una buena relaci\u00f3n y por pereza, por miedo a lo desconocido o a lo novedoso no participamos, la inacci\u00f3n no ser\u00e1 una acci\u00f3n equivocada pero no deja de ser un error.<\/span><\/p>\n<p><span style=\"font-size: large;\">Los errores van siempre conectados con la toma de decisiones. Al tomar una decisi\u00f3n habr\u00eda que preveer <strong>las consecuencias<\/strong> que nos acarrear\u00e1 si\u00a0 est\u00e1 bien o mal tomada, para una decisi\u00f3n intrascendente no\u00a0 hay\u00a0 que perder mucho tiempo, pero una decisi\u00f3n con consecuencias deber\u00edamos valorar sus resultados. Se da una paradoja que a veces para decisiones peque\u00f1as dedicamos mucho tiempo valorando las distintas alternativas y decisiones importantes las decidimos r\u00e1pidamente guiados por nuestro estado emocional. Un error.<\/span><\/p>\n<p><span style=\"font-size: large;\">Resumiendo nos equivocamos por dos motivos:<\/span><\/p>\n<p><span style=\"font-size: large;\"><b>1)<\/b> Falta de experiencia y conocimiento del proyecto o tema que nos ocupa.<\/span><\/p>\n<p><span style=\"font-size: large;\"><b>2)<\/b> Porque decidimos unicamente con la emoci\u00f3n ( nos gusta, es m\u00e1s f\u00e1cil, est\u00e1 de moda, lo hacen los dem\u00e1s\u2026) hay muy poco razonamiento. Cuando decidimos a favor de un tema porque nos es mas f\u00e1cil, nos cae mas simp\u00e1tico, lo hacen los demas utilizamos unicamente la inteligencia emocional, esta inteligencia mira solo el presente, el\u00a0 ahora. Para poder valorar las consecuencias del futuro es imprescindible utilizar<strong> la inteligencia racional<\/strong>, la que razona, la que piensa, la que valora y compara<\/span><\/p>\n<p><span style=\"font-size: large;\">Es curioso como abundan los errores colectivos que nos inducen a cometer errores personales.<\/span><\/p>\n<p>&nbsp;<\/p>\n<p><span style=\"font-size: large;\">Algunos ejemplos:<\/span><\/p>\n<p><span style=\"font-size: large;\"><b>A)<\/b><\/span> <span style=\"font-size: large;\">Nuestro equipo preferido lleva una mala temporada y este domingo juega con el eterno\u00a0 rival, el entrenador, los directivos, <\/span><span style=\"font-size: large;\">la prensa <\/span><span style=\"font-size: large;\">nos dicen que vamos a ganar, nos contagiamos del optimismo que expresan y nuestro<\/span><strong><span style=\"font-size: large;\"> sentimiento<\/span><\/strong> <span style=\"font-size: large;\">est\u00e1 convencido que ganaremos. <\/span><span style=\"font-size: large;\">Al final pasa lo l\u00f3gico si el otro equipo es mejor lo l\u00f3gico es que perdamos. Si hubi\u00e9ramos dejado que la <\/span><span style=\"font-size: large;\"><b>raz\u00f3n <\/b><\/span><span style=\"font-size: large;\">decida posiblemente no nos habr\u00edamos equivocado.<\/span><\/p>\n<p><span style=\"font-size: large;\"><b>B)<\/b><\/span><span style=\"font-size: large;\"> Los pol\u00edticos de mi pa\u00eds aprovechando el sentimiento que tenemos las personas <\/span><span style=\"font-size: large;\">de pertenencia<\/span> <span style=\"font-size: large;\">hacia nuestro lugar de origen<\/span><span style=\"font-size: large;\"> nos dicen haremos un refer\u00e9ndum, lo ganaremos y seremos independientes, nos contagian los <\/span><strong><span style=\"font-size: large;\">sentimientos de esperanza, ilusi\u00f3n y optimismo.<\/span><\/strong><span style=\"font-size: large;\"> Al final nada de nada se ha impuesto la realidad, <\/span><strong><span style=\"font-size: large;\">la raz\u00f3n .<\/span><\/strong><\/p>\n<p><strong><span style=\"font-size: large;\"><b>C)<\/b><\/span><\/strong><span style=\"font-size: large;\">\u00a0<\/span><span style=\"font-size: large;\">Cosa parecida pasa con las religiones las personas tenemos innatos unos sentimientos de bondad, <\/span><span style=\"font-size: large;\">de agradecimiento con quien nos ha dado la vida y estos sentimientos los aprovechan las religiones para hacernos creer que este ser a quien llamamos DIOS, nos escucha, nos protege y nos premiar\u00e1 en la otra vida. <\/span><span style=\"font-size: large;\">Muchos musulmanes dicen en sus guerras aunque nos maten al final ganaremos porque Al\u00e1 est\u00e1 con nosotros<\/span><\/p>\n<p>&nbsp;<\/p>\n<p><b><span style=\"font-size: large;\">6 \u2013 <\/span><span style=\"font-size: large;\">Como reaccionamos tras los errores<\/span><\/b><\/p>\n<p><span style=\"font-size: large;\">Las personas las podemos clasificar (aunque la clasificaci\u00f3n sea muy elemental y un tanto primaria) en <\/span><span style=\"font-size: large;\"><b>listos y tontos<\/b><\/span><\/p>\n<p><span style=\"font-size: large;\">a) El tonto para empezar \u201ctropieza varias veces en la misma piedra\u201d <\/span><span style=\"font-size: large;\">considera que no puede llevar adelante dicho proyecto,<\/span><span style=\"font-size: large;\">que no est\u00e1 capacitado,<\/span><span style=\"font-size: large;\"> se desanima, no lo vuelve a intentar, se encierra en su \u00e1rea de confort, no arriesga, tampoco crece\u2026\u2026.<\/span><\/p>\n<p><span style=\"font-size: large;\">b) El listo considera que las equivocaciones son una importante escuela de vida, <\/span><span style=\"font-size: large;\">te ense\u00f1a lo que no tienes que volver a hacer, reflexiona que ha hecho mal y como tiene que hacerlo bien, se esfuerza para seguir con el proyecto, es optimista, procura que sus razonamientos gestionen sus emociones y no al rev\u00e9s, no se desanima\u2026\u2026&#8230;<\/span><\/p>\n<p>&nbsp;<\/p>\n<p>&nbsp;<\/p>\n<h3 class=\"western\"><strong><span style=\"font-size: large;\">CONCLUSIONES :<\/span><\/strong><\/h3>\n<p><span style=\"font-size: large;\">1 \u2013 Cuando tomamos una decisi\u00f3n la primera respuesta es siempre la emocional , suele ser la opci\u00f3n mas f\u00e1cil, mas c\u00f3moda, mas cortoplacista, que expresa nuestro sentimiento en aquel momento. Si queremo una mejor respuesta hemos de dar tiempo a que la raz\u00f3n elabore una respuesta mas objetiva, que calcule las consecuencias, que compare las alternativas, que vea los pros y las contras.<\/span><\/p>\n<p><span style=\"font-size: large;\"><strong>La raz\u00f3n debe gestionar las emociones<\/strong>.<\/span><\/p>\n<p><span style=\"font-size: large;\">2 &#8211;\u00a0 Si dudas abstente, no decidas. Dudas porque te falta conocimiento, si\u00a0 decides los m\u00e1s f\u00e1cil es que te equivoques, primero inf\u00f3rmate, aprende,\u00a0 pregunta a quien sepa m\u00e1s que tu\u00a0 y despu\u00e9s decides.<\/span><\/p>\n<p><span style=\"font-size: large;\">3 \u2013 Valora las consecuencias de tu\u00a0 decisi\u00f3n. \u00bf Qu\u00e9 pasa si me equivoco ?\u00a0 Puedo asumir el riesgo si me equivoco. Porcentaje de acierto y porcentaje de error. \u00bf Vale la pena? No es lo mismo una rascada al coche que un choque frontal<\/span><\/p>\n<p><span style=\"font-size: large;\">Etc. Etc.etc.<\/span><\/p>\n<p>&nbsp;<\/p>\n","protected":false},"excerpt":{"rendered":"<div class=\"mh-excerpt\"><p>Sumario: Estructura de nuestro cerebro El cerebro emocional El cerebro racional El cerebro del inconsciente 1 &#8211; Estructura de nuestro cerebro \u00a0La primera pregunta que <a class=\"mh-excerpt-more\" href=\"https:\/\/sistemasanisa.com\/index.php\/577-2\/por-que-nos-equivocamos\/\" title=\"\u00bfPor qu\u00e9 nos equivocamos?\">[&#8230;]<\/a><\/p>\n<\/div>","protected":false},"author":1,"featured_media":0,"parent":577,"menu_order":1,"comment_status":"closed","ping_status":"closed","template":"template-full.php","meta":{"footnotes":""},"_links":{"self":[{"href":"https:\/\/sistemasanisa.com\/index.php\/wp-json\/wp\/v2\/pages\/611"}],"collection":[{"href":"https:\/\/sistemasanisa.com\/index.php\/wp-json\/wp\/v2\/pages"}],"about":[{"href":"https:\/\/sistemasanisa.com\/index.php\/wp-json\/wp\/v2\/types\/page"}],"author":[{"embeddable":true,"href":"https:\/\/sistemasanisa.com\/index.php\/wp-json\/wp\/v2\/users\/1"}],"replies":[{"embeddable":true,"href":"https:\/\/sistemasanisa.com\/index.php\/wp-json\/wp\/v2\/comments?post=611"}],"version-history":[{"count":2,"href":"https:\/\/sistemasanisa.com\/index.php\/wp-json\/wp\/v2\/pages\/611\/revisions"}],"predecessor-version":[{"id":618,"href":"https:\/\/sistemasanisa.com\/index.php\/wp-json\/wp\/v2\/pages\/611\/revisions\/618"}],"up":[{"embeddable":true,"href":"https:\/\/sistemasanisa.com\/index.php\/wp-json\/wp\/v2\/pages\/577"}],"wp:attachment":[{"href":"https:\/\/sistemasanisa.com\/index.php\/wp-json\/wp\/v2\/media?parent=611"}],"curies":[{"name":"wp","href":"https:\/\/api.w.org\/{rel}","templated":true}]}}