{"id":598,"date":"2023-09-17T09:52:35","date_gmt":"2023-09-17T09:52:35","guid":{"rendered":"https:\/\/sistemasanisa.com\/?page_id=598"},"modified":"2023-09-18T08:54:29","modified_gmt":"2023-09-18T08:54:29","slug":"la-vida-es-complicada","status":"publish","type":"page","link":"https:\/\/sistemasanisa.com\/index.php\/577-2\/la-vida-es-complicada\/","title":{"rendered":"La vida es complicada ?"},"content":{"rendered":"<h3><strong>\u00c9s aquesta vida complicada?<\/strong><br \/>\n<strong>Dep\u00e8n &#8230;<\/strong><br \/>\n<strong>De qu\u00e8 dep\u00e8n?<\/strong><br \/>\n<strong>Nom\u00e9s que de tu.<\/strong><\/p>\n<p><strong>La vida ni \u00e9s f\u00e0cil ni \u00e9s dif\u00edcil, ni \u00e9s simple ni \u00e9s complicada, som nosaltres que la fem que sigui una cosa o altra, som nosaltres que decidim el cam\u00ed que volem agafar, tamb\u00e9 \u00e9s veritat que a vegades per ignor\u00e0ncia agafem un cam\u00ed que pensem que ser\u00e0 el correcte i el temps ens diu que no, que est\u00e0vem equivocats i se&#8217;ns compliquen les coses.<\/strong><br \/>\n<strong>A les hores que hem de fer?<\/strong><br \/>\n<strong>Podem fer moltes coses.<\/strong><\/p>\n<p><strong>1 \u2013 Acceptar les coses com s\u00f3n, no com nosaltres voldr\u00edem que fossin. La realitat \u00e9s la que \u00e9s i ignorar-la \u00e9s una ingenu\u00eftat. Cosa diferent \u00e9s que si podem intentem canviar-la si no ens \u00e9s favorable.<\/strong><br \/>\n<strong>Ex. Dem\u00e0 vol\u00edem sortir d&#8217;excursi\u00f3 i resulta que est\u00e0 plovent, el m\u00e9s prudent \u00e9s no sortir, si malgrat tot ens entossudim a sortir, pot passar que se&#8217;ns compliquen les coses, podem canviar la sortida i fer una m\u00e9s f\u00e0cil que la pluja no ens la compliqui.<\/strong><\/p>\n<p><strong>Parlant de realitats l&#8217;\u00fanic temps real \u00e9s el moment actual, el moment en qu\u00e8 vivim a cada moment i \u00e9s aquest l&#8217;\u00fanic temps que podem viure intensament, gaudir-ho, aprofitar-ho, tots els altres temps passats i futurs van existir i poden existir dem\u00e0, per\u00f2 l&#8217;\u00fanic que existeix realment \u00e9s l&#8217;actual. Viu al m\u00e0xim cada moment de la teva vida.<\/strong><\/p>\n<p><strong>2 \u2013 Ser una persona austera, austera no vol dir tacanya, austera vol dir que necessita poques coses per ser feli\u00e7, ja que la felicitat radica dintre de nosaltres. La persona austera si pot ha de cobrir les seves necessitats reals i gestionar b\u00e9 tot el que sigui superflu.<\/strong><br \/>\n<strong>Un altre tema seria saber si una necessitat que tenim \u00e9s real, aut\u00e8ntica o ens l&#8217;ha creat la publicitat, l&#8217;entorn, la vida moderna.<\/strong><br \/>\n<strong>La felicitat no est\u00e0 en tenir un cotxe m\u00e9s potent, en tenir m\u00e9s roba a l&#8217;armari, en fer viatges m\u00e9s luxosos. La felicitat \u00e9s estar a gust en la teva forma de ser, en com et relaciones amb les persones del teu entorn, com t&#8217;estimen les persones que et coneixen, perqu\u00e8 valoren la teva sensibilitat, la teva preocupaci\u00f3 per les seves dificultats, la teva disponibilitat.<\/strong><br \/>\n<strong>Anar per la vida \u00abligero de equipaje\u00bb ens estalvia moltes complicacions<\/strong><\/p>\n<p><strong>3 \u2013 El 80% de la informaci\u00f3 que ens arriba \u00e9s interessada. Interessada a defensar uns interessos que no acostumen a ser els nostres. Cal filtrar b\u00e9 tota la informaci\u00f3 que rebem.<\/strong><br \/>\n<strong>Ex. El consum en aquesta societat capitalista ajuda a fer que millori l&#8217;economia del pa\u00eds. A m\u00e9s consum m\u00e9s benefici per les empreses, m\u00e9s ocupaci\u00f3. Podr\u00e0 ser millor pel pa\u00eds, per\u00f2 el que \u00e9s cert que ser\u00e0 pitjor per la teva economia, per la teva butxaca. Hem de fer un consum responsable adequat als ingressos, cobrint aquelles necessitats que tenim realment, no aquelles necessitats que ens crea la publicitat, tenir una cosa perqu\u00e8 la tenen els altres, tenir una cosa perqu\u00e8 \u00e9s moda, durant molt de temps ni hav\u00edem pensat i ara resulta que \u00e9s imprescindible.<\/strong><\/p>\n<p><strong>Ex. Ara ho hem d&#8217;assegurar tot. L&#8217;habitatge, el cotxe, la salut, l&#8217;enterrament, el gos &#8230; El que \u00e9s obligatori no el podem evitar, per\u00f2 el que no sigui obligatori pensem que la millor asseguran\u00e7a \u00e9s la cura personal, portar una vida saludable, conduir amb prud\u00e8ncia, fent les coses ben fetes els riscos baixen molt\u00edssim.<\/strong><\/p>\n<p><strong>Ex. L&#8217;esport \u00e9s molt saludable, el que practica cadasc\u00fa per la seva salut. L&#8217;afici\u00f3 desmesurada per l&#8217;equip del Bar\u00e7a o altres esports professionals nom\u00e9s beneficia econ\u00f2micament als jugadors, t\u00e8cnics i directius.<\/strong><\/p>\n<p><strong>4 \u2013 La hiperactivitat. Les persones som \u00e9ssers gregaris i com tals necessitem les relacions amb les altres persones. Participar en grups, en la feina, en grups esportius, en grups de debat, ens dona satisfacci\u00f3. Per\u00f2 com tot a la vida \u00aben su justo punto\u00bb que ho puguem digerir b\u00e9, sense stress, prioritzant les relacions de proximitat, que faciliten la trobada i el descans.<\/strong><\/p>\n<p><strong>5 \u2013 I per acabar: Cuidar la salut, podr\u00edem fer un llibre sobre aquest tema, per\u00f2 aqu\u00ed nom\u00e9s tocar\u00e9 dos aspectes: el Descans i la Dieta.<\/strong><br \/>\n<strong>El descans no \u00e9s un caprici, \u00e9s una necessitat. El cos per si sol t\u00e9 la gran capacitat d&#8217;arreglar molts dels problemes que li provoquem, per\u00f2 per fer-ho necessita temps i tranquil\u00b7litat. Hem de dormir 9 hores al vespre i com hem de matinar per les feines l&#8217;\u00fanica soluci\u00f3 \u00e9s anar a dormir abans. I aqu\u00ed tornem a la informaci\u00f3 interessada. Per qu\u00e8 molts dels programes bons de les TV els fan de 10 a 12 de la nit.?<\/strong><br \/>\n<strong>La dieta, tornem-hi sobre dietes hi ha molt\u00edssima literatura, menja el que vulguis, per\u00f2 que sigui sa, variat i si fet a casa molt millor, menja amb el cap no amb l&#8217;est\u00f3mac, el teu sentit com\u00fa ja et diu si \u00e9s suficient i pensa que tot aix\u00f2 t&#8217;ho fiques dintre el teu cos i passa per la teva sang per nodrir les teves c\u00e8l\u00b7lules. Una alimentaci\u00f3 correcta pot ser la teva millor medicina i al rev\u00e9s la causa de moltes malalties<\/strong><\/h3>\n","protected":false},"excerpt":{"rendered":"<div class=\"mh-excerpt\"><p>\u00c9s aquesta vida complicada? Dep\u00e8n &#8230; De qu\u00e8 dep\u00e8n? Nom\u00e9s que de tu. La vida ni \u00e9s f\u00e0cil ni \u00e9s dif\u00edcil, ni \u00e9s simple ni <a class=\"mh-excerpt-more\" href=\"https:\/\/sistemasanisa.com\/index.php\/577-2\/la-vida-es-complicada\/\" title=\"La vida es complicada ?\">[&#8230;]<\/a><\/p>\n<\/div>","protected":false},"author":1,"featured_media":0,"parent":577,"menu_order":4,"comment_status":"closed","ping_status":"closed","template":"template-full.php","meta":{"footnotes":""},"_links":{"self":[{"href":"https:\/\/sistemasanisa.com\/index.php\/wp-json\/wp\/v2\/pages\/598"}],"collection":[{"href":"https:\/\/sistemasanisa.com\/index.php\/wp-json\/wp\/v2\/pages"}],"about":[{"href":"https:\/\/sistemasanisa.com\/index.php\/wp-json\/wp\/v2\/types\/page"}],"author":[{"embeddable":true,"href":"https:\/\/sistemasanisa.com\/index.php\/wp-json\/wp\/v2\/users\/1"}],"replies":[{"embeddable":true,"href":"https:\/\/sistemasanisa.com\/index.php\/wp-json\/wp\/v2\/comments?post=598"}],"version-history":[{"count":8,"href":"https:\/\/sistemasanisa.com\/index.php\/wp-json\/wp\/v2\/pages\/598\/revisions"}],"predecessor-version":[{"id":607,"href":"https:\/\/sistemasanisa.com\/index.php\/wp-json\/wp\/v2\/pages\/598\/revisions\/607"}],"up":[{"embeddable":true,"href":"https:\/\/sistemasanisa.com\/index.php\/wp-json\/wp\/v2\/pages\/577"}],"wp:attachment":[{"href":"https:\/\/sistemasanisa.com\/index.php\/wp-json\/wp\/v2\/media?parent=598"}],"curies":[{"name":"wp","href":"https:\/\/api.w.org\/{rel}","templated":true}]}}