{"id":592,"date":"2022-09-28T15:52:04","date_gmt":"2022-09-28T15:52:04","guid":{"rendered":"http:\/\/sistemasanisa.com\/?page_id=592"},"modified":"2022-09-28T15:52:04","modified_gmt":"2022-09-28T15:52:04","slug":"la-autoestima","status":"publish","type":"page","link":"https:\/\/sistemasanisa.com\/index.php\/577-2\/la-autoestima\/","title":{"rendered":"LA AUTOESTIMA"},"content":{"rendered":"<h2><em><u>LA AUTOESTIMA<\/u><\/em><\/h2>\n<p><em><u>\u00a0<\/u><\/em><strong>\u00bfQu\u00e9 es la autoestima?<\/strong><\/p>\n<p><strong>\u00a0<\/strong>Es la aceptaci\u00f3n, seguridad y satisfacci\u00f3n que uno\u00a0 tiene de si mismo.\u00a0 Es el\u00a0 convencimiento y la seguridad de que si nos marcamos un objetivo, una meta que personas similares a nosotros lo han conseguido, nosotros con la preparaci\u00f3n adecuada tambi\u00e9n lo podemos conseguir. Cuando hacemos una cosa y nos sale bien, esto\u00a0 refuerza nuestra autoestima, pero \u00bfQu\u00e9 pasa cuando nos sale mal? Lo primero que hemos de hacer es buscar\u00a0 la causa por la que nos hemos equivocado,\u00a0 b\u00fasqueda serena, tranquila y objetiva, una vez que tenemos claro el motivo\u00a0 del\u00a0 error,\u00a0 volvemos a tomar la decisi\u00f3n debidamente corregida,\u00a0 si\u00a0 el proceso ha sido\u00a0 correcto, lo l\u00f3gico\u00a0 es que nos salga bien\u00a0 y entonces la satisfacci\u00f3n de la autoestima ser\u00e1 doble.<\/p>\n<p>Pero que pasa si vuelve a salir mal. Entonces nos hemos de preguntar: \u00bfVale la pena seguir intentando? Si la respuesta es negativa, se deja correr y no pasa\u00a0 nada. Pero si la respuesta fuese positiva, que s\u00ed vale la pena seguir intentando. Entonces hemos de poner en pr\u00e1ctica nuevos valores: la paciencia, la constancia, mejorar la observaci\u00f3n y todo mezclado con algo m\u00e1s de inteligencia.<\/p>\n<p><strong><u>Evoluci\u00f3n , Etapas<\/u><\/strong><\/p>\n<ol>\n<li>Se inicia en la\u00a0 infancia , en esta etapa la criatura no tiene\u00a0 conciencia de \u00bfQu\u00e9 es la autoestima? Y depende s\u00f3lo de los dem\u00e1s, b\u00e1sicamente de la familia, son muy importantes los comentarios que se recibe de los padres. La \u00a0escuela tambi\u00e9n ejerce una importante influencia, los comentarios de los profesores, su motivaci\u00f3n, valorar muy positivamente las notas que va teniendo. Importa c\u00f3mo nos valoran,\u00a0 como\u00a0 nos aceptan, la educaci\u00f3n recibida.. La pr\u00e1ctica de alg\u00fan deporte favorito\u00a0 tambi\u00e9n\u00a0 sirve para cuidar la autoestima de la persona.<\/li>\n<li>Mas adelante (adolescencia y etapa adulta) intervienen nuestras experiencias vitales, nuestra interacci\u00f3n con\u00a0 otras personas,\u00a0 el\u00a0 ambiente donde vivimos, la participaci\u00f3n de nuestra personalidad y\u00a0 voluntad va de menos a m\u00e1s con los a\u00f1os. Tambi\u00e9n\u00a0 hay\u00a0 que decir que una buena infancia facilita una adolescencia, as\u00ed como una buena adolescencia facilitara una buena etapa adulta<\/li>\n<\/ol>\n<p>El\u00a0 estado\u00a0 natural\u00a0 de las personas ser\u00eda de una autoestima alta,\u00a0 pero\u00a0 lo\u00a0 cierto es que a veces \u00a0se tiene un nivel\u00a0 inferior,\u00a0 principal\u00a0 causa la influencia negativa de otras personas,\u00a0 comentarios negativos mas tarde pueden manifestarse en\u00a0 baja autoestima.<\/p>\n<p>Tiene dos aspectos:<\/p>\n<ol>\n<li>El aprecio que se tiene de uno mismo (confianza,\u00a0 suficiencia,\u2026..)<\/li>\n<li>El aprecio que se percibe de las otras personas (reconocimiento, aceptaci\u00f3n,\u2026.)<\/li>\n<\/ol>\n<p><strong><u>Importancia de una correcta autoestima<\/u><\/strong><\/p>\n<p>Es la fuente de todo\u00a0 en nuestra vida.\u00a0 Define como nos percibimos y\u00a0 como\u00a0 percibimos la vida en general.\u00a0 De nuestra autoestima depender\u00e1 como\u00a0 asumimos responsabilidades,\u00a0 de enfrentar la vida con una mayor confianza,\u00a0 con\u00a0 una\u00a0 actitud positiva, m\u00e1s optimista y que podamos tomar decisiones correctas<\/p>\n<p><strong><u>Algunas caracter\u00edsticas de la persona con\u00a0 una correcta autoestima<\/u><\/strong><\/p>\n<p><strong><u>\u00a0<\/u><\/strong>Tiene seguridad cuando act\u00faa<\/p>\n<ul>\n<li>Tiene criterio, valores y\u00a0 principios<\/li>\n<li>No pierde el tiempo preocup\u00e1ndose en <u>exceso<\/u> por lo ocurrido\u00a0 en el\u00a0 pasado, ni por lo que pueda ocurrir en\u00a0 el futuro,\u00a0 vive el<\/li>\n<li>Conf\u00eda en su capacidad, no se acobarda f\u00e1cilmente por los fracasos o dificultades, la culpa no es siempre de los otros.<\/li>\n<li>Como persona no se considera ni inferior ni\u00a0 superior, reconoce las diferencias de los otros y las respeta.<\/li>\n<li>Se considera que es apreciado por sus amistades<\/li>\n<li>No se deja manipular<\/li>\n<li>Capaz de disfrutar con gran variedad de actividades<\/li>\n<li>Es sensible a los sentimientos y necesidades de los dem\u00e1s<\/li>\n<li>Escucha la opini\u00f3n de los dem\u00e1s, acepta que no siempre\u00a0 tiene la raz\u00f3n<\/li>\n<\/ul>\n<p><strong><u>Algunas caracter\u00edsticas de la persona\u00a0 con una baja \u00a0autoestima <\/u><\/strong><\/p>\n<p><strong><u>\u00a0<\/u><\/strong>Tendencia a crear un estado habitual de insatisfacci\u00f3n consigo misma<\/p>\n<ul>\n<li>Hipersensible a las cr\u00edticas, piensa que siempre la atacan a ella, muy susceptible<\/li>\n<li>Indecisi\u00f3n cr\u00f3nica, inseguridad, miedo a equivocarse, miedo al\u00a0 Se niega a enfrentar nuevos desaf\u00edos porque cree que no\u00a0 est\u00e1 capacitado<\/li>\n<li>Echa la culpa a los dem\u00e1s, quejarse de los dem\u00e1s es no\u00a0 asumir la propia responsabilidad.<\/li>\n<li>Deseo excesivo de complacer. No se atreve a decir NO por temor a desagradar<\/li>\n<li>Perfeccionismo, se siente mal cuando las cosas no\u00a0 salen con la perfecci\u00f3n exigida<\/li>\n<li>Culpabilidad neur\u00f3tica, exagera la magnitud de sus errores, no llega a perdonarse por completo.<\/li>\n<li>Hostilidad flotante, todo le sienta mal , todo le disgusta, nada le satisface<\/li>\n<li>Todo lo ve negro en\u00a0 su\u00a0 vida, miedo a su futuro<\/li>\n<li>Falta de ambici\u00f3n , objetivos,\u00a0 ilusiones<\/li>\n<li>Cuidado excesivo apariencia f\u00edsica para enmascarar su inseguridad,\u00a0 timidez<\/li>\n<li>No expresa sus sentimientos<\/li>\n<li>Busca siempre la aprobaci\u00f3n de los dem\u00e1s<\/li>\n<li>Tiende a ser t\u00edmida y huye de los compromisos sociales, fue educado para ser humilde<\/li>\n<\/ul>\n<p><strong><u>C\u00f3mo mejorar la autoestima<\/u><\/strong><\/p>\n<p>Convertir lo negativo\u00a0 en\u00a0 positivo,\u00a0 cultivar el\u00a0 optimismo<\/p>\n<ul>\n<li>Centrarnos en lo positivo de nosotros<\/li>\n<li>Hacernos conscientes de los logros o \u00e9xitos<\/li>\n<li>No \u00a0 No somos inferiores, somos diferentes.\u00a0 Todos tenemos cualidades y defectos<\/li>\n<li>Confiar en nosotros mismos, en\u00a0 nuestras capacidades\u00a0 y en nuestras opiniones. Sin preocuparse excesivamente por la aprobaci\u00f3n\u00a0 de los dem\u00e1s.<\/li>\n<li>Aceptarnos como somos<\/li>\n<li>Esforzarse por mejorar, ponernos metas.<\/li>\n<\/ul>\n<p><strong><u>\u00bf Las religiones mejoran nuestra autoestima ?<\/u><\/strong><\/p>\n<p><strong><u>\u00a0<\/u><\/strong>Interpretaciones las hay en todos los sentidos, pero\u00a0 consultemos las fuentes y saca tus propias conclusiones\u2026\u2026.<\/p>\n<p><strong><u>Cristianismo<\/u><\/strong><\/p>\n<p><strong><u>\u00a0<\/u><\/strong><strong>Lluc, 17:10<\/strong>\u00a0 Aix\u00ed\u00a0 tamb\u00e9 vosaltres,\u00a0 quan haureu fet tot all\u00f2 que us ha estat manat,\u00a0 digueu: \u201c Som \u00a0tan sols \u00a0uns servents; hem\u00a0 fet tan\u00a0 sols el\u00a0 que hav\u00edem de fer\u201d<\/p>\n<p><strong>Mateu, 15:19<\/strong> Per que del\u00a0 cor \u00a0de l\u2019home provenen els pensaments dolents,\u00a0 homicidis, adulteris, furnicacions, furts, falsos testimonis,\u00a0 injuries<\/p>\n<p><strong>Mateu, 16:24<\/strong>\u00a0 Jes\u00fas digu\u00e9 als deixebles:\u00a0 Si\u00a0 alg\u00fa vol venir darrera meu,\u00a0 que es negui\u00a0 a si\u00a0 mateix,\u00a0 que prengui la seva creu i\u00a0 que em\u00a0 segueixi<\/p>\n<p><strong>Joan, 12:25<\/strong>\u00a0\u00a0 Qui estima la seva vida la perdr\u00e0\u00a0 i\u00a0 qui\u00a0 no\u00a0 estima la seva vida en\u00a0 aquest mon ,\u00a0 la guardar\u00e0 pera la vida eterna.<\/p>\n<p><strong>\u00a0<\/strong><strong>Filipenc 2.3 <\/strong>\u00a0No feu res per rivalitat, ni per vanagloria,\u00a0 sino\u00a0 al\u00a0 contrari amb\u00a0 humilitat,\u00a0 considereu els altres superiors a vosaltres mateixos,\u00a0 sense procurar pel propi inter\u00e9s,\u00a0 sino\u00a0 tamb\u00e9 pels dels altres<\/p>\n<p><strong>San Ignacio en sus Ejercicios Espirituales<\/strong> habla de tres grados de humildad que hemos de practicar, basados\u00a0 en tres actitudes: De desprecio\u00a0 a si\u00a0 mismo, desprecio a la voluntad propia, al inter\u00e9s propio y\u00a0 al\u00a0 amor propio.<\/p>\n<p><strong><u>Islam <\/u><\/strong>\u00a0El\u00a0 Coran 4:34\u00a0 Los hombres son\u00a0 protectores de la mujer, por que Al\u00e1 ha hecho\u00a0 que uno\u00a0 de ellos supere al otro<\/p>\n<p><strong><u>Induismo <\/u><\/strong>\u00a0Las leyes de Man\u00fa V- 140 :\u00a0 En la infancia una mujer debe estar\u00a0 sometida a su\u00a0 padre,\u00a0 en la juventud a su\u00a0 esposo,\u00a0 cuando su\u00a0 esposo muera a sus hijos, una mujer jam\u00e1s debe ser independiente<\/p>\n<p>&nbsp;<\/p>\n<p><strong><u>\u00bf Puede la mujer votar ? <\/u><\/strong><\/p>\n<p>En\u00a0 M\u00e9jico\u00a0 desde \u2026\u2026\u2026\u2026\u2026.\u2026\u20261953<\/p>\n<p>En\u00a0 Suiza\u00a0 desde \u2026\u2026\u2026\u2026..\u2026\u2026\u2026..1971<\/p>\n<p>En Liechenstein\u00a0 desde \u2026\u2026\u2026.\u2026\u20261984<\/p>\n<p>En\u00a0 Kuwait\u00a0 desde \u2026\u2026\u2026\u2026\u2026\u2026\u2026 2005<\/p>\n<p>En\u00a0 Emiratos Arabes Unidos\u00a0 desde \u00a02011<\/p>\n<p>En\u00a0 Arabia Saudita desde \u2026\u2026\u2026\u2026.2015<\/p>\n<p>Conducir desde 2018, Zonas separadas en piscinas, gimnasios, transporte p\u00fablico<\/p>\n<p>Velo obligatorio \u2026<\/p>\n<p>En L\u00edbano\u00a0 debe probar su nivel\u00a0 de educaci\u00f3n<\/p>\n<p>Vaticano\u00a0 <strong>\u00fanico\u00a0 pa\u00eds del\u00a0 mundo\u00a0 donde no\u00a0 puede votar la mujer<\/strong><\/p>\n","protected":false},"excerpt":{"rendered":"<div class=\"mh-excerpt\"><p>LA AUTOESTIMA \u00a0\u00bfQu\u00e9 es la autoestima? \u00a0Es la aceptaci\u00f3n, seguridad y satisfacci\u00f3n que uno\u00a0 tiene de si mismo.\u00a0 Es el\u00a0 convencimiento y la seguridad de <a class=\"mh-excerpt-more\" href=\"https:\/\/sistemasanisa.com\/index.php\/577-2\/la-autoestima\/\" title=\"LA AUTOESTIMA\">[&#8230;]<\/a><\/p>\n<\/div>","protected":false},"author":1,"featured_media":0,"parent":577,"menu_order":3,"comment_status":"closed","ping_status":"closed","template":"template-full.php","meta":{"footnotes":""},"_links":{"self":[{"href":"https:\/\/sistemasanisa.com\/index.php\/wp-json\/wp\/v2\/pages\/592"}],"collection":[{"href":"https:\/\/sistemasanisa.com\/index.php\/wp-json\/wp\/v2\/pages"}],"about":[{"href":"https:\/\/sistemasanisa.com\/index.php\/wp-json\/wp\/v2\/types\/page"}],"author":[{"embeddable":true,"href":"https:\/\/sistemasanisa.com\/index.php\/wp-json\/wp\/v2\/users\/1"}],"replies":[{"embeddable":true,"href":"https:\/\/sistemasanisa.com\/index.php\/wp-json\/wp\/v2\/comments?post=592"}],"version-history":[{"count":3,"href":"https:\/\/sistemasanisa.com\/index.php\/wp-json\/wp\/v2\/pages\/592\/revisions"}],"predecessor-version":[{"id":595,"href":"https:\/\/sistemasanisa.com\/index.php\/wp-json\/wp\/v2\/pages\/592\/revisions\/595"}],"up":[{"embeddable":true,"href":"https:\/\/sistemasanisa.com\/index.php\/wp-json\/wp\/v2\/pages\/577"}],"wp:attachment":[{"href":"https:\/\/sistemasanisa.com\/index.php\/wp-json\/wp\/v2\/media?parent=592"}],"curies":[{"name":"wp","href":"https:\/\/api.w.org\/{rel}","templated":true}]}}