{"id":544,"date":"2021-04-06T14:59:01","date_gmt":"2021-04-06T14:59:01","guid":{"rendered":"http:\/\/sistemasanisa.com\/?page_id=544"},"modified":"2021-04-21T19:20:22","modified_gmt":"2021-04-21T19:20:22","slug":"detalle-y-precios","status":"publish","type":"page","link":"https:\/\/sistemasanisa.com\/index.php\/vacuoterapia\/detalle-y-precios\/","title":{"rendered":"Detalle y precios"},"content":{"rendered":"<p><img loading=\"lazy\" decoding=\"async\" class=\"alignnone wp-image-542\" src=\"http:\/\/sistemasanisa.com\/wp-content\/uploads\/2021\/04\/20210406_124723-scaled.jpg\" alt=\"\" width=\"1101\" height=\"619\" srcset=\"https:\/\/sistemasanisa.com\/wp-content\/uploads\/2021\/04\/20210406_124723-scaled.jpg 2560w, https:\/\/sistemasanisa.com\/wp-content\/uploads\/2021\/04\/20210406_124723-300x169.jpg 300w, https:\/\/sistemasanisa.com\/wp-content\/uploads\/2021\/04\/20210406_124723-1024x576.jpg 1024w, https:\/\/sistemasanisa.com\/wp-content\/uploads\/2021\/04\/20210406_124723-768x432.jpg 768w, https:\/\/sistemasanisa.com\/wp-content\/uploads\/2021\/04\/20210406_124723-1536x864.jpg 1536w, https:\/\/sistemasanisa.com\/wp-content\/uploads\/2021\/04\/20210406_124723-2048x1152.jpg 2048w, https:\/\/sistemasanisa.com\/wp-content\/uploads\/2021\/04\/20210406_124723-678x381.jpg 678w\" sizes=\"(max-width: 1101px) 100vw, 1101px\" \/><img loading=\"lazy\" decoding=\"async\" class=\"alignnone wp-image-543\" src=\"http:\/\/sistemasanisa.com\/wp-content\/uploads\/2021\/04\/20210406_124750-scaled.jpg\" alt=\"\" width=\"1099\" height=\"618\" srcset=\"https:\/\/sistemasanisa.com\/wp-content\/uploads\/2021\/04\/20210406_124750-scaled.jpg 2560w, https:\/\/sistemasanisa.com\/wp-content\/uploads\/2021\/04\/20210406_124750-300x169.jpg 300w, https:\/\/sistemasanisa.com\/wp-content\/uploads\/2021\/04\/20210406_124750-1024x576.jpg 1024w, https:\/\/sistemasanisa.com\/wp-content\/uploads\/2021\/04\/20210406_124750-768x432.jpg 768w, https:\/\/sistemasanisa.com\/wp-content\/uploads\/2021\/04\/20210406_124750-1536x864.jpg 1536w, https:\/\/sistemasanisa.com\/wp-content\/uploads\/2021\/04\/20210406_124750-2048x1152.jpg 2048w, https:\/\/sistemasanisa.com\/wp-content\/uploads\/2021\/04\/20210406_124750-678x381.jpg 678w\" sizes=\"(max-width: 1099px) 100vw, 1099px\" \/><\/p>\n<p><u>Referencia<\/u>\u00a0\u00a0 <u>Descripci\u00f3n<\/u>\u00a0\u00a0\u00a0\u00a0\u00a0 \u00a0\u00a0\u00a0\u00a0\u00a0\u00a0\u00a0\u00a0\u00a0\u00a0\u00a0\u00a0\u00a0\u00a0<u>\u00a0Di\u00e1metro int.<\/u>\u00a0\u00a0\u00a0\u00a0\u00a0\u00a0\u00a0 <u>Precio<\/u><\/p>\n<p>3.21\u00a0\u00a0\u00a0\u00a0\u00a0\u00a0\u00a0 \u00a0\u00a0\u00a0\u00a0\u00a0Ventosa simple\u00a0\u00a0\u00a0\u00a0\u00a0\u00a0\u00a0\u00a0\u00a0\u00a0\u00a0\u00a0 \u00a0\u00a0\u00a0\u00a0\u00a0\u00a0\u00a015 mm\u00a0\u00a0\u00a0\u00a0\u00a0\u00a0\u00a0\u00a0 \u00a0\u00a0\u00a0\u00a0\u00a0\u00a0\u00a0\u00a012,- \u20ac<\/p>\n<p>3.21.1\u00a0\u00a0\u00a0 \u00a0\u00a0\u00a0\u00a0\u00a0\u00a0Ventosa adaptada\u00a0\u00a0\u00a0\u00a0\u00a0\u00a0\u00a0\u00a0 \u00a0\u00a0\u00a0\u00a0\u00a0\u00a0\u00a015 mm.\u00a0\u00a0\u00a0\u00a0\u00a0\u00a0\u00a0\u00a0 \u00a0\u00a0\u00a0\u00a0\u00a0\u00a0\u00a0\u00a025,- \u20ac<\/p>\n<p>3.22\u00a0\u00a0\u00a0\u00a0\u00a0\u00a0\u00a0\u00a0 \u00a0\u00a0\u00a0\u00a0Ventosa simple\u00a0\u00a0\u00a0\u00a0\u00a0\u00a0\u00a0\u00a0\u00a0\u00a0 \u00a0\u00a0\u00a0\u00a0\u00a0\u00a0\u00a0\u00a0\u00a035 mm.\u00a0\u00a0\u00a0\u00a0\u00a0\u00a0\u00a0\u00a0\u00a0 \u00a0\u00a0\u00a0\u00a0\u00a0\u00a012,- \u20ac<\/p>\n<p>3.22.1\u00a0\u00a0\u00a0\u00a0 \u00a0\u00a0\u00a0\u00a0\u00a0Ventosa adaptada\u00a0\u00a0\u00a0\u00a0\u00a0\u00a0\u00a0 \u00a0\u00a0\u00a0\u00a0\u00a0\u00a0\u00a0\u00a035 mm.\u00a0\u00a0\u00a0\u00a0\u00a0\u00a0\u00a0\u00a0\u00a0 \u00a0\u00a0\u00a0\u00a0\u00a0\u00a0\u00a025,- \u20ac<\/p>\n<p>3.23\u00a0\u00a0\u00a0\u00a0\u00a0\u00a0\u00a0 \u00a0\u00a0\u00a0\u00a0\u00a0Ventosa simple\u00a0\u00a0\u00a0\u00a0\u00a0\u00a0\u00a0\u00a0\u00a0 \u00a0\u00a0\u00a0\u00a0\u00a0\u00a0\u00a0\u00a0\u00a045 mm.\u00a0\u00a0\u00a0\u00a0\u00a0\u00a0\u00a0\u00a0\u00a0\u00a0\u00a0 \u00a0\u00a0\u00a0\u00a0\u00a012,- \u20ac<\/p>\n<p>3.23.1\u00a0\u00a0\u00a0\u00a0 \u00a0\u00a0\u00a0\u00a0\u00a0Ventosa adaptada\u00a0\u00a0\u00a0\u00a0\u00a0\u00a0 \u00a0\u00a0\u00a0\u00a0\u00a0\u00a0\u00a0\u00a0\u00a045 mm.\u00a0\u00a0\u00a0\u00a0\u00a0\u00a0\u00a0\u00a0 \u00a0\u00a0\u00a0\u00a0\u00a0\u00a0\u00a0\u00a025,- \u20ac<\/p>\n<p>3.24\u00a0\u00a0\u00a0\u00a0\u00a0\u00a0\u00a0\u00a0\u00a0 \u00a0\u00a0\u00a0Ventosa simple\u00a0\u00a0\u00a0\u00a0\u00a0\u00a0\u00a0\u00a0\u00a0 \u00a0\u00a0\u00a0\u00a0\u00a0\u00a0\u00a0\u00a0\u00a065 mm.\u00a0\u00a0\u00a0\u00a0\u00a0\u00a0\u00a0\u00a0\u00a0\u00a0\u00a0\u00a0\u00a0\u00a0\u00a0\u00a0 12,- \u20ac<\/p>\n<p>3.24.1\u00a0\u00a0\u00a0\u00a0 \u00a0\u00a0\u00a0\u00a0\u00a0Ventosa adaptada\u00a0\u00a0\u00a0\u00a0\u00a0\u00a0\u00a0 \u00a0\u00a0\u00a0\u00a0\u00a0\u00a0\u00a0\u00a065 mm.\u00a0\u00a0\u00a0\u00a0\u00a0\u00a0\u00a0\u00a0\u00a0 \u00a0\u00a0\u00a0\u00a0\u00a0\u00a0\u00a025,- \u20ac<\/p>\n<p>3.25\u00a0\u00a0\u00a0\u00a0\u00a0\u00a0\u00a0 \u00a0\u00a0\u00a0\u00a0\u00a0Tubo conexi\u00f3n adaptador\u00a0\u00a0\u00a0\u00a0\u00a0\u00a0\u00a0\u00a0\u00a0\u00a0 \u00a0\u00a0\u00a0\u00a0\u00a0\u00a0\u00a0\u00a0\u00a0\u00a0\u00a0\u00a0\u00a0\u00a0\u00a0\u00a0\u00a0\u00a0\u00a0\u00a0\u00a015,- \u20ac<\/p>\n<p>ESTUCHE 10 unidades&#8230;&#8230;&#8230;&#8230;&#8230;&#8230;&#8230;..\u00a0 75,-\u00a0 \u20ac<\/p>\n<p>MALETIN 19 unidades&#8230;&#8230;&#8230;&#8230;&#8230;&#8230;&#8230;.100,-\u00a0\u00a0 \u20ac<\/p>\n<p>&nbsp;<\/p>\n<h3>ESTUCHE CON 10\u00a0 VENTOSAS Y EQUIPO ASPIRADOR<\/h3>\n<p><img loading=\"lazy\" decoding=\"async\" class=\"alignnone wp-image-554\" src=\"http:\/\/sistemasanisa.com\/wp-content\/uploads\/2021\/04\/ESTUCHE-VENTOSAS-scaled.jpg\" alt=\"\" width=\"1172\" height=\"659\" srcset=\"https:\/\/sistemasanisa.com\/wp-content\/uploads\/2021\/04\/ESTUCHE-VENTOSAS-scaled.jpg 2560w, https:\/\/sistemasanisa.com\/wp-content\/uploads\/2021\/04\/ESTUCHE-VENTOSAS-300x169.jpg 300w, https:\/\/sistemasanisa.com\/wp-content\/uploads\/2021\/04\/ESTUCHE-VENTOSAS-1024x576.jpg 1024w, https:\/\/sistemasanisa.com\/wp-content\/uploads\/2021\/04\/ESTUCHE-VENTOSAS-768x432.jpg 768w, https:\/\/sistemasanisa.com\/wp-content\/uploads\/2021\/04\/ESTUCHE-VENTOSAS-1536x864.jpg 1536w, https:\/\/sistemasanisa.com\/wp-content\/uploads\/2021\/04\/ESTUCHE-VENTOSAS-2048x1152.jpg 2048w, https:\/\/sistemasanisa.com\/wp-content\/uploads\/2021\/04\/ESTUCHE-VENTOSAS-678x381.jpg 678w\" sizes=\"(max-width: 1172px) 100vw, 1172px\" \/><\/p>\n<p>&nbsp;<\/p>\n<p>&nbsp;<\/p>\n<h3>MALETIN CON 19 VENTOSAS , EQUIPO ASPIRADOR Y OTROS<\/h3>\n<p><img loading=\"lazy\" decoding=\"async\" class=\"alignnone size-full wp-image-555\" src=\"http:\/\/sistemasanisa.com\/wp-content\/uploads\/2021\/04\/MALETIN-VENTOSAS-scaled.jpg\" alt=\"\" width=\"2560\" height=\"1440\" srcset=\"https:\/\/sistemasanisa.com\/wp-content\/uploads\/2021\/04\/MALETIN-VENTOSAS-scaled.jpg 2560w, https:\/\/sistemasanisa.com\/wp-content\/uploads\/2021\/04\/MALETIN-VENTOSAS-300x169.jpg 300w, https:\/\/sistemasanisa.com\/wp-content\/uploads\/2021\/04\/MALETIN-VENTOSAS-1024x576.jpg 1024w, https:\/\/sistemasanisa.com\/wp-content\/uploads\/2021\/04\/MALETIN-VENTOSAS-768x432.jpg 768w, https:\/\/sistemasanisa.com\/wp-content\/uploads\/2021\/04\/MALETIN-VENTOSAS-1536x864.jpg 1536w, https:\/\/sistemasanisa.com\/wp-content\/uploads\/2021\/04\/MALETIN-VENTOSAS-2048x1152.jpg 2048w, https:\/\/sistemasanisa.com\/wp-content\/uploads\/2021\/04\/MALETIN-VENTOSAS-678x381.jpg 678w\" sizes=\"(max-width: 2560px) 100vw, 2560px\" \/><\/p>\n<p>&nbsp;<\/p>\n<p>&nbsp;<\/p>\n<h3><strong>\u00bfQu\u00e9 es terapia con Ventosas?\u00a0 ( M\u00e9todo Oriental con ventosas fijas )<\/strong><br \/>\nLa ventosa, es un tratamiento de la <strong>medicina tradicional de oriental<\/strong>. Tiene muchos usos y beneficios para la salud. Como su nombre indica, es un tratamiento corporal que usa ventosas. Las ventosas pueden ser hoy en dia de diversos materiales. De pl\u00e1stico tranparentes muy resistentes que succionan con un aspirador y se aplican en el cuerpo. Son Ventosas modernas, sin fuego, de facil de manejo, c\u00f3modas, higienicas y no se rompen.<\/h3>\n<p>Beneficios y usos del cupping, terapia de ventosa moderna de pl\u00e1stico: Generalmente el tratamiento con Ventosas se usa como parte de medicina en Corea, China, Japon y Europa con acupuntura o sin.<\/p>\n<p>La t\u00e9cnica de Ventosas se utiliza para:<br \/>\nRelajamiento muscular, Tratamiento contra el dolor de Espalda y Lumbales, Tratamiento del dolores Cronica, Enfermedades reum\u00e1tismo, Tratamiento Paralisis, Parkinson, para masaje, para patolog\u00eda de Hipertensi\u00f3n, Tratamientos para el Insomnio,.. Hay quienes lo usan para el aumento de busto, para tratamientos de varices, l tratamiento contra las arrugas, Ayuda a eliminar toxinas, Terapias diversas en las que se aplican Ventosas.<\/p>\n<p>Es un tratamiento que puede ser doloroso, y a una gran cantidad de personas les deja unas manchas o moratones que duran aproximadamente entre dos dias y una semana, segun el caso y estado del nivel de sensibilidad de la piel y si se ha aplicado de manera fuerte.<\/p>\n<p>Precauciones y contraindicaciones<\/p>\n<ul>\n<li>Al seguir este tratamiento se debe de ir a un terapeuta cualificado<\/li>\n<li>Tener cuidado en los tratamientos a ni\u00f1os y ancianos<\/li>\n<li>No recomendada su aplicaci\u00f3n en un mismo punto m\u00e1s de un minuto<\/li>\n<li>No se aplican con fuerza<\/li>\n<li>No usar durante el embarazo.<\/li>\n<li>No usar en la piel inflamada o con cortes o lesiones.<\/li>\n<li>No usar en personas con enfermedades card\u00edacas graves.<\/li>\n<\/ul>\n<p><strong>Funcionamiento y resultados<\/strong><br \/>\nSeg\u00fan los m\u00e9dicos no existe evidencia de que este tratamiento funcione. Quienes practican medicina China, Coreana, Japonesa lo usan con frecuencia para mejorar la salud, equilibrar, masajear, estimular.<\/p>\n","protected":false},"excerpt":{"rendered":"<div class=\"mh-excerpt\"><p>Referencia\u00a0\u00a0 Descripci\u00f3n\u00a0\u00a0\u00a0\u00a0\u00a0 \u00a0\u00a0\u00a0\u00a0\u00a0\u00a0\u00a0\u00a0\u00a0\u00a0\u00a0\u00a0\u00a0\u00a0\u00a0Di\u00e1metro int.\u00a0\u00a0\u00a0\u00a0\u00a0\u00a0\u00a0 Precio 3.21\u00a0\u00a0\u00a0\u00a0\u00a0\u00a0\u00a0 \u00a0\u00a0\u00a0\u00a0\u00a0Ventosa simple\u00a0\u00a0\u00a0\u00a0\u00a0\u00a0\u00a0\u00a0\u00a0\u00a0\u00a0\u00a0 \u00a0\u00a0\u00a0\u00a0\u00a0\u00a0\u00a015 mm\u00a0\u00a0\u00a0\u00a0\u00a0\u00a0\u00a0\u00a0 \u00a0\u00a0\u00a0\u00a0\u00a0\u00a0\u00a0\u00a012,- \u20ac 3.21.1\u00a0\u00a0\u00a0 \u00a0\u00a0\u00a0\u00a0\u00a0\u00a0Ventosa adaptada\u00a0\u00a0\u00a0\u00a0\u00a0\u00a0\u00a0\u00a0 \u00a0\u00a0\u00a0\u00a0\u00a0\u00a0\u00a015 mm.\u00a0\u00a0\u00a0\u00a0\u00a0\u00a0\u00a0\u00a0 \u00a0\u00a0\u00a0\u00a0\u00a0\u00a0\u00a0\u00a025,- \u20ac 3.22\u00a0\u00a0\u00a0\u00a0\u00a0\u00a0\u00a0\u00a0 \u00a0\u00a0\u00a0\u00a0Ventosa simple\u00a0\u00a0\u00a0\u00a0\u00a0\u00a0\u00a0\u00a0\u00a0\u00a0 \u00a0\u00a0\u00a0\u00a0\u00a0\u00a0\u00a0\u00a0\u00a035 mm.\u00a0\u00a0\u00a0\u00a0\u00a0\u00a0\u00a0\u00a0\u00a0 \u00a0\u00a0\u00a0\u00a0\u00a0\u00a012,- <a class=\"mh-excerpt-more\" href=\"https:\/\/sistemasanisa.com\/index.php\/vacuoterapia\/detalle-y-precios\/\" title=\"Detalle y precios\">[&#8230;]<\/a><\/p>\n<\/div>","protected":false},"author":1,"featured_media":0,"parent":118,"menu_order":1,"comment_status":"closed","ping_status":"closed","template":"template-full.php","meta":{"footnotes":""},"_links":{"self":[{"href":"https:\/\/sistemasanisa.com\/index.php\/wp-json\/wp\/v2\/pages\/544"}],"collection":[{"href":"https:\/\/sistemasanisa.com\/index.php\/wp-json\/wp\/v2\/pages"}],"about":[{"href":"https:\/\/sistemasanisa.com\/index.php\/wp-json\/wp\/v2\/types\/page"}],"author":[{"embeddable":true,"href":"https:\/\/sistemasanisa.com\/index.php\/wp-json\/wp\/v2\/users\/1"}],"replies":[{"embeddable":true,"href":"https:\/\/sistemasanisa.com\/index.php\/wp-json\/wp\/v2\/comments?post=544"}],"version-history":[{"count":5,"href":"https:\/\/sistemasanisa.com\/index.php\/wp-json\/wp\/v2\/pages\/544\/revisions"}],"predecessor-version":[{"id":557,"href":"https:\/\/sistemasanisa.com\/index.php\/wp-json\/wp\/v2\/pages\/544\/revisions\/557"}],"up":[{"embeddable":true,"href":"https:\/\/sistemasanisa.com\/index.php\/wp-json\/wp\/v2\/pages\/118"}],"wp:attachment":[{"href":"https:\/\/sistemasanisa.com\/index.php\/wp-json\/wp\/v2\/media?parent=544"}],"curies":[{"name":"wp","href":"https:\/\/api.w.org\/{rel}","templated":true}]}}