{"id":318,"date":"2018-12-14T19:12:35","date_gmt":"2018-12-14T19:12:35","guid":{"rendered":"http:\/\/sistemasanisa.com\/?page_id=318"},"modified":"2019-05-21T15:54:32","modified_gmt":"2019-05-21T15:54:32","slug":"anexo-1-nutrientes-y-vitaminas","status":"publish","type":"page","link":"https:\/\/sistemasanisa.com\/index.php\/vivir-mas-y-mejor\/anexo-1-nutrientes-y-vitaminas\/","title":{"rendered":"ANEXO -1 &#8211; NUTRIENTES Y VITAMINAS"},"content":{"rendered":"<p>&nbsp;<\/p>\n<table width=\"967\">\n<tbody>\n<tr>\n<td width=\"142\">\n<h2><span style=\"color: #ff0000;\"><strong>NUTRIENTES<\/strong><\/span><\/h2>\n<\/td>\n<td width=\"248\">\n<h2><span style=\"color: #ff0000;\"><strong>\u00a0\u00a0\u00a0\u00a0 Van\u00a0 bien para :<\/strong><\/span><\/h2>\n<\/td>\n<td width=\"576\">\n<h2><span style=\"color: #ff0000;\"><strong>\u00a0 Alimentos que los contienen :<\/strong><\/span><\/h2>\n<\/td>\n<\/tr>\n<tr>\n<td width=\"142\">\n<h3><strong><span style=\"color: #0000ff;\">GLUCIDOS<\/span><\/strong>\u00a0 o<\/h3>\n<h3>Hidratos de Carbono<\/h3>\n<h3><\/h3>\n<\/td>\n<td width=\"248\">\n<h3>Principal fuente de energ\u00eda inmediata, los no consumidos se almacenan como grasas<\/h3>\n<\/td>\n<td width=\"576\">\n<h3>Pan, pasta, cereales del desayuno, Arroz, az\u00facares, patatas, legumbres<\/h3>\n<h3>Toda la pasteler\u00eda, boller\u00eda y refrescos azucarados<\/h3>\n<h3>Tomar en funci\u00f3n de la actividad f\u00edsica, <span style=\"color: #0000ff;\">lo primero a reducir en dietas de adelgazamiento<\/span><\/h3>\n<\/td>\n<\/tr>\n<tr>\n<td width=\"142\">\n<h3><strong><span style=\"color: #0000ff;\">PROTIDOS<\/span><\/strong>\u00a0\u00a0 o<\/h3>\n<h3>Prote\u00ednas<\/h3>\n<h3>Amino\u00e1cidos<\/h3>\n<\/td>\n<td width=\"248\">\n<h3>Est\u00e1n presentes en todas las c\u00e9lulas del\u00a0 cuerpo Crecimiento y embarazadas<\/h3>\n<h3><\/h3>\n<\/td>\n<td width=\"576\">\n<h3>De origen vegetal : Legumbres (Lentejas, garbanzos , jud\u00edas, habas), Verduras (Jud\u00edas verdes, alcachofas, espinacas,coliflor&#8230;),Ensaladas (Lechuga, tomate, cebolla,apio,esp\u00e1rragos) ,Cereales integrales,\u00a0 La soja, Frutas &#8230;<\/h3>\n<h3>De origen animal :\u00a0 Carnes,\u00a0 Pescados, <strong>Huevos<\/strong> y\u00a0 L\u00e1cteos<\/h3>\n<h3><span style=\"color: #ff0000;\">Ver anexo 2 \u2013 PROTEINAS<\/span><\/h3>\n<\/td>\n<\/tr>\n<tr>\n<td width=\"142\">\n<h3><strong><span style=\"color: #0000ff;\">LIPIDOS<\/span><\/strong>\u00a0\u00a0\u00a0\u00a0\u00a0 o<\/h3>\n<h3>Grasas, Triglic\u00e9ridos<\/h3>\n<p>&nbsp;<\/p>\n<p>&nbsp;<\/p>\n<p>&nbsp;<\/p>\n<p>&nbsp;<\/p>\n<p>&nbsp;<\/p>\n<p>&nbsp;<\/p>\n<p>&nbsp;<\/p>\n<p>&nbsp;<\/p>\n<p>&nbsp;<\/p>\n<h3><span style=\"color: #0000ff;\">Las Fibras<\/span><\/h3>\n<\/td>\n<td width=\"248\">\n<h3>Necesarias para metabolismo<\/h3>\n<h3>Regula temperatura cuerpo<\/h3>\n<h3>Precisas sistema nervioso<\/h3>\n<h3>Las hormonas esteroides son grasas<\/h3>\n<h3>Ayudan absorver vitaminas liposolubles (A, D, K y E )<\/h3>\n<p>&nbsp;<\/p>\n<p>&nbsp;<\/p>\n<h4>Protegen intestino y facilitan el tr\u00e1nsito intestinal<\/h4>\n<\/td>\n<td width=\"576\">\n<h3><span style=\"color: #0000ff;\">Saturadas<\/span>: Correctas en peque\u00f1as dosis, el exceso incrementa el colesterol malo y obesidad. Se encuentra principalmente alimentos origen animal, carnes, embutidos,l\u00e1cteos, tambi\u00e9n en los huevos pero con\u00a0 baja proporci\u00f3n en la yema<\/h3>\n<h3><span style=\"color: #0000ff;\">Malas o trans<\/span> : Aumenta colesterol malo LDL y reduce el bueno HDL,\u00a0 en Helados, margarina, boller\u00eda, comida r\u00e1pida\u2026<\/h3>\n<h3><span style=\"color: #0000ff;\">Saludables o<\/span> <span style=\"color: #0000ff;\">Insaturadas<\/span> (Mono&#8230; i Poli&#8230;) :Aumenta el\u00a0 colesterol bueno,estan en\u00a0 Alimentos de origen vegetal, Aceite de oliva, maiz y soja, frutos secos (nueces, avellanas, almendras, pi\u00f1ones) , Huevos, Garbanzos, Pescado azul, semillas de girasol &#8230;<\/h3>\n<h3>\u00a0\u00a0\u00a0\u00a0\u00a0\u00a0\u00a0\u00a0\u00a0\u00a0\u00a0\u00a0\u00a0\u00a0\u00a0\u00a0\u00a0\u00a0\u00a0\u00a0\u00a0\u00a0\u00a0\u00a0 &#8211; &#8211; &#8211; &#8211; &#8211; &#8211; &#8211; &#8211; &#8211; &#8211; &#8211;<\/h3>\n<h3>Verduras, Hortalizas,Legumbres,Frutas y Cereales integrales<\/h3>\n<\/td>\n<\/tr>\n<tr>\n<td width=\"142\">\n<h3><strong><span style=\"color: #0000ff;\">VITAMINAS<\/span><\/strong><\/h3>\n<\/td>\n<td width=\"248\">\n<h3>Liposolubles<\/h3>\n<h3>Hidrosolubles<\/h3>\n<\/td>\n<td width=\"576\">\n<h3>A, D, E, K<\/h3>\n<h3>Las restantes, con exceso de agua se elimina la vit.B<\/h3>\n<\/td>\n<\/tr>\n<tr>\n<td width=\"142\">\n<h3><strong><span style=\"color: #0000ff;\">VIT. A<\/span><\/strong>\u00a0\u00a0 origen<\/h3>\n<h3>Animal\u2026.retinol<\/h3>\n<h3>Vegetal. caroteno<\/h3>\n<\/td>\n<td width=\"248\">\n<h3>Vista, Piel ,\u00a0 Sistema inmunitario<\/h3>\n<h3>Coraz\u00f3n, Pulmones, Ri\u00f1ones<\/h3>\n<\/td>\n<td width=\"576\">\n<h3>Zanahoria, Verduras ( tomates, espinacas, acelgas ), Frutas, L\u00e1cteos (leche, queso, yogurt, mantequilla)\u00a0\u00a0\u00a0 Aceite de h\u00edgado de bacalao<\/h3>\n<\/td>\n<\/tr>\n<tr>\n<td width=\"142\">\n<h3>\u00a0\u00a0 <strong><span style=\"color: #0000ff;\">VIT.\u00a0 B<\/span><\/strong><\/h3>\n<h3><\/h3>\n<h3>B1,B2,B6,B12,<\/h3>\n<h3><\/h3>\n<\/td>\n<td width=\"248\">\n<h3>Neuronas,\u00a0 Gl\u00f3bulos rojos<\/h3>\n<p>&nbsp;<\/p>\n<p>funcionamiento sistema nervioso<\/p>\n<p>Disminuir cansancio y fatiga<\/p>\n<p>&nbsp;<\/td>\n<td width=\"576\">\n<h3>H\u00edgado,\u00a0 Almejas (marisco), carne de res y de aves,\u00a0 l\u00e1cteos ( queso) ,\u00a0 huevos<\/h3>\n<\/td>\n<\/tr>\n<tr>\n<td width=\"142\">\n<h3>\u00a0\u00a0 <strong><span style=\"color: #0000ff;\">VIT.\u00a0 C<\/span><\/strong><\/h3>\n<\/td>\n<td width=\"248\">\n<h3>Antioxidante (antienvejecimiento)<\/h3>\n<h3>Sistema inmunitario (defensas, resfriados,\u00a0 col\u00e1geno<\/h3>\n<\/td>\n<td width=\"576\">\n<h3>Grosella negra,\u00a0 guayaba, perejil, <strong>los c\u00edtricos<\/strong> (kiwi, naranja, lim\u00f3n), Verduras ( pimiento rojo, br\u00f3coli, coliflor, espinacas, cebolla, apio, tomate , los can\u00f3nigos) papaya,\u00a0 aguacate y moras<\/h3>\n<h3>Tomar crudos se destruye con\u00a0 el\u00a0 calor<\/h3>\n<\/td>\n<\/tr>\n<tr>\n<td width=\"142\">\n<h3>\u00a0\u00a0 <strong><span style=\"color: #0000ff;\">VIT.\u00a0 D<\/span><\/strong><\/h3>\n<h3>Es una hormona<\/h3>\n<h3><\/h3>\n<h3>** Vit. D3<\/h3>\n<\/td>\n<td width=\"248\">\n<h3>Huesos, Dientes, absorci\u00f3n del\u00a0 calcio. <strong>D\u00e9ficit<\/strong>: Osteopat\u00eda, riesgo\u00a0 de Alzheimer y riesgo de muchas enfermedades,evita riesgo de c\u00e1ncer,cardiovasculares,osteoporosis<\/h3>\n<h3>Mejora sistem inmunitario<\/h3>\n<\/td>\n<td width=\"576\">\n<h3>Con el\u00a0 sol la fabrica nuestro cuerpo,(mas de 60 a\u00f1os baja la producci\u00f3n) Pescado graso ( sardina, atun, salmon)<\/h3>\n<h3>L\u00e1cteos,\u00a0 yema de huevo<\/h3>\n<\/td>\n<\/tr>\n<\/tbody>\n<\/table>\n<h3><\/h3>\n","protected":false},"excerpt":{"rendered":"<div class=\"mh-excerpt\"><p>&nbsp; NUTRIENTES \u00a0\u00a0\u00a0\u00a0 Van\u00a0 bien para : \u00a0 Alimentos que los contienen : GLUCIDOS\u00a0 o Hidratos de Carbono Principal fuente de energ\u00eda inmediata, los no <a class=\"mh-excerpt-more\" href=\"https:\/\/sistemasanisa.com\/index.php\/vivir-mas-y-mejor\/anexo-1-nutrientes-y-vitaminas\/\" title=\"ANEXO -1 &#8211; NUTRIENTES Y VITAMINAS\">[&#8230;]<\/a><\/p>\n<\/div>","protected":false},"author":1,"featured_media":0,"parent":285,"menu_order":1,"comment_status":"closed","ping_status":"closed","template":"template-full.php","meta":{"footnotes":""},"_links":{"self":[{"href":"https:\/\/sistemasanisa.com\/index.php\/wp-json\/wp\/v2\/pages\/318"}],"collection":[{"href":"https:\/\/sistemasanisa.com\/index.php\/wp-json\/wp\/v2\/pages"}],"about":[{"href":"https:\/\/sistemasanisa.com\/index.php\/wp-json\/wp\/v2\/types\/page"}],"author":[{"embeddable":true,"href":"https:\/\/sistemasanisa.com\/index.php\/wp-json\/wp\/v2\/users\/1"}],"replies":[{"embeddable":true,"href":"https:\/\/sistemasanisa.com\/index.php\/wp-json\/wp\/v2\/comments?post=318"}],"version-history":[{"count":11,"href":"https:\/\/sistemasanisa.com\/index.php\/wp-json\/wp\/v2\/pages\/318\/revisions"}],"predecessor-version":[{"id":468,"href":"https:\/\/sistemasanisa.com\/index.php\/wp-json\/wp\/v2\/pages\/318\/revisions\/468"}],"up":[{"embeddable":true,"href":"https:\/\/sistemasanisa.com\/index.php\/wp-json\/wp\/v2\/pages\/285"}],"wp:attachment":[{"href":"https:\/\/sistemasanisa.com\/index.php\/wp-json\/wp\/v2\/media?parent=318"}],"curies":[{"name":"wp","href":"https:\/\/api.w.org\/{rel}","templated":true}]}}