{"id":298,"date":"2018-12-11T17:48:37","date_gmt":"2018-12-11T17:48:37","guid":{"rendered":"http:\/\/sistemasanisa.com\/?page_id=298"},"modified":"2019-01-10T17:17:00","modified_gmt":"2019-01-10T17:17:00","slug":"anexo-4-las-glandulas-del-cuerpo-humano","status":"publish","type":"page","link":"https:\/\/sistemasanisa.com\/index.php\/vivir-mas-y-mejor\/anexo-4-las-glandulas-del-cuerpo-humano\/","title":{"rendered":"ANEXO -4- LAS GLANDULAS DEL CUERPO HUMANO"},"content":{"rendered":"<p><span style=\"color: #ff0000;\"><strong>LAS GLANDULAS ENDOCRIONAS Y\u00a0 EXOCRINAS<\/strong><\/span><\/p>\n<p>&nbsp;<\/p>\n<p>Las endocrinas son verdaderos laboratorios que producen\u00a0 las hormonas que vierten\u00a0 a la circulaci\u00f3n sanguinea ( arterias) La materia prima que utilizan para producir dichas hormonas son las proteinas.<\/p>\n<p>Las glandulas exocrinas no producen\u00a0 hormonas,\u00a0 producen\u00a0 enzimas y vierten\u00a0 al\u00a0 cuerpo\u00a0 directamente\u00a0 ( no\u00a0 a la circulaci\u00f3n sangu\u00ednea )<\/p>\n<h2><\/h2>\n<h2>Gl\u00e1ndulas endocrinas y sus hormonas<\/h2>\n<table>\n<tbody>\n<tr>\n<td colspan=\"4\"><strong>Algunas gl\u00e1ndulas endocrinas y sus hormona<\/strong><\/td>\n<\/tr>\n<tr>\n<td><strong>Gl\u00e1ndula endocrina<\/strong><\/td>\n<td><strong>hormonas<\/strong><\/td>\n<td><strong>\u00d3rgano sobre el que act\u00faa<\/strong><\/td>\n<td><strong>Acciones principales <\/strong><\/td>\n<\/tr>\n<tr>\n<td rowspan=\"3\"><a href=\"https:\/\/es.wikipedia.org\/wiki\/Hipot%C3%A1lamo\">Hipot\u00e1lamo<\/a> (<em>producci\u00f3n<\/em>) <a href=\"https:\/\/es.wikipedia.org\/wiki\/Hip%C3%B3fisis\">Hip\u00f3fisis<\/a>, neurohip\u00f3fisis (almacenamiento y liberaci\u00f3n)<\/td>\n<td rowspan=\"2\"><a href=\"https:\/\/es.wikipedia.org\/wiki\/Oxitocina\">Oxitocina<\/a><\/td>\n<td><a href=\"https:\/\/es.wikipedia.org\/wiki\/%C3%9Atero\">\u00datero<\/a><\/td>\n<td>Estimula las contracciones<\/td>\n<\/tr>\n<tr>\n<td><a href=\"https:\/\/es.wikipedia.org\/wiki\/Gl%C3%A1ndula_mamaria\">Gl\u00e1ndulas mamarias<\/a><\/td>\n<td>Estimula la expulsi\u00f3n de leche hacia los conductos<\/td>\n<\/tr>\n<tr>\n<td>Hormona antidiur\u00e9tica (<a href=\"https:\/\/es.wikipedia.org\/wiki\/Vasopresina\">vasopresina<\/a>)<\/td>\n<td><a href=\"https:\/\/es.wikipedia.org\/wiki\/Ri%C3%B1ones\">Ri\u00f1ones<\/a> (conductos colectores)<\/td>\n<td>Estimula la reabsorci\u00f3n de agua; conserva agua<\/td>\n<\/tr>\n<tr>\n<td rowspan=\"5\"><a href=\"https:\/\/es.wikipedia.org\/wiki\/Hip%C3%B3fisis\">Hip\u00f3fisis<\/a> (<em>producci\u00f3n<\/em>) <em>L\u00f3bulo anterior de la hip\u00f3fisis<\/em><\/td>\n<td><a href=\"https:\/\/es.wikipedia.org\/wiki\/Hormona_del_crecimiento\">Hormona del crecimiento<\/a> (GH)<\/td>\n<td>General<\/td>\n<td>Estimula el crecimiento al promover la s\u00edntesis de <a href=\"https:\/\/es.wikipedia.org\/wiki\/Prote%C3%ADna\">prote\u00ednas<\/a><\/td>\n<\/tr>\n<tr>\n<td>Prolactina<\/td>\n<td><a href=\"https:\/\/es.wikipedia.org\/wiki\/Glandulas_mamarias\">Glandulas mamarias<\/a><\/td>\n<td>Estimula la producci\u00f3n de leche<\/td>\n<\/tr>\n<tr>\n<td>Hormona estimulante del tiroides (<a href=\"https:\/\/es.wikipedia.org\/wiki\/TSH\">TSH<\/a>)<\/td>\n<td>tiroides<\/td>\n<td>Estimula la secreci\u00f3n de hormonas tiroideas; estimula el aumento de tama\u00f1o del tiroides.<\/td>\n<\/tr>\n<tr>\n<td>Hormona adrenocorticotr\u00f3pica (<a href=\"https:\/\/es.wikipedia.org\/wiki\/ACTH\">ACTH<\/a>)<\/td>\n<td>Corteza suprarrenal<\/td>\n<td>Estimula la secreci\u00f3n de hormonas corticosuprarrenales<\/td>\n<\/tr>\n<tr>\n<td>Hormonas gonadotr\u00f3picas (foliculoestimulante, <a href=\"https:\/\/es.wikipedia.org\/wiki\/FSH\">FSH<\/a>; luteinizante, <a href=\"https:\/\/es.wikipedia.org\/wiki\/LH\">LH<\/a>)<\/td>\n<td><a href=\"https:\/\/es.wikipedia.org\/wiki\/G%C3%B3nada\">G\u00f3nadas<\/a><\/td>\n<td>Estimula el funcionamiento y crecimiento gonadales<\/td>\n<\/tr>\n<tr>\n<td rowspan=\"2\"><a href=\"https:\/\/es.wikipedia.org\/wiki\/Gl%C3%A1ndula_tiroides\">Tiroides<\/a><\/td>\n<td><a href=\"https:\/\/es.wikipedia.org\/wiki\/Tiroxina\">Tiroxina<\/a> (T<sub>4<\/sub>) y <a href=\"https:\/\/es.wikipedia.org\/wiki\/Triyodotironina\">triyodotironina<\/a> (T<sub>3<\/sub>)<\/td>\n<td>General<\/td>\n<td>Estimulan el metabolismo; esencial para el crecimiento y desarrollo normal<\/td>\n<\/tr>\n<tr>\n<td><a href=\"https:\/\/es.wikipedia.org\/wiki\/Calcitonina\">Calcitonina<\/a><\/td>\n<td><a href=\"https:\/\/es.wikipedia.org\/wiki\/Hueso\">Hueso<\/a><\/td>\n<td>Reduce la concentraci\u00f3n sangu\u00ednea de calcio inhibiendo la degradaci\u00f3n \u00f3sea por osteoclastos<\/td>\n<\/tr>\n<tr>\n<td><a href=\"https:\/\/es.wikipedia.org\/wiki\/Gl%C3%A1ndulas_paratiroides\">Gl\u00e1ndulas paratiroides<\/a><\/td>\n<td><a href=\"https:\/\/es.wikipedia.org\/wiki\/Hormona_paratiroidea\">Hormona paratiroidea<\/a><\/td>\n<td>Hueso, ri\u00f1ones, tubo digestivo<\/td>\n<td>Incrementa la concentraci\u00f3n sangu\u00ednea de calcio estimulando la degradaci\u00f3n \u00f3sea; estimula la reabsorci\u00f3n de calcio por los ri\u00f1ones; activa la vitamina D<\/td>\n<\/tr>\n<tr>\n<td rowspan=\"2\"><a href=\"https:\/\/es.wikipedia.org\/wiki\/Islotes_de_Langerhans\">Islotes de Langerhans<\/a> del p\u00e1ncreas<\/td>\n<td><a href=\"https:\/\/es.wikipedia.org\/wiki\/Insulina\">Insulina<\/a><\/td>\n<td>General<\/td>\n<td>Reduce la concentraci\u00f3n sangu\u00ednea de glucosa facilitando la captaci\u00f3n y el empleo de \u00e9sta por las c\u00e9lulas; estimula la <a href=\"https:\/\/es.wikipedia.org\/wiki\/Glucogenog%C3%A9nesis\">glucogenog\u00e9nesis<\/a>; estimula el almacenamiento de grasa y la s\u00edntesis de prote\u00edna<\/td>\n<\/tr>\n<tr>\n<td><a href=\"https:\/\/es.wikipedia.org\/wiki\/Glucag%C3%B3n\">Glucag\u00f3n<\/a><\/td>\n<td>H\u00edgado, tejido adiposo<\/td>\n<td>Eleva la concentraci\u00f3n sangu\u00ednea de la glucosa estimulando la <a href=\"https:\/\/es.wikipedia.org\/wiki\/Glucogen%C3%B3lisis\">glucogen\u00f3lisis<\/a> y la <a href=\"https:\/\/es.wikipedia.org\/wiki\/Gluconeog%C3%A9nesis\">gluconeog\u00e9nesis<\/a>; moviliza la grasa<\/td>\n<\/tr>\n<tr>\n<td><a href=\"https:\/\/es.wikipedia.org\/wiki\/M%C3%A9dula_suprarrenal\">M\u00e9dula suprarrenal<\/a><\/td>\n<td><a href=\"https:\/\/es.wikipedia.org\/wiki\/Adrenalina\">Adrenalina<\/a> y <a href=\"https:\/\/es.wikipedia.org\/wiki\/Noradrenalina\">noradrenalina<\/a><\/td>\n<td>M\u00fasculo, miocardio, vasos sangu\u00edneos, h\u00edgado, tejido adiposo<\/td>\n<td>Ayuda al organismo a afrontar el estr\u00e9s; incrementa la frecuencia card\u00edaca, la <a href=\"https:\/\/es.wikipedia.org\/wiki\/Presi%C3%B3n_arterial\">presi\u00f3n arterial<\/a>, la tasa metab\u00f3lica; desv\u00eda el riego sangu\u00edneo; moviliza grasa; eleva la concentraci\u00f3n sangu\u00ednea de az\u00facar.<\/td>\n<\/tr>\n<tr>\n<td rowspan=\"2\"><a href=\"https:\/\/es.wikipedia.org\/wiki\/Corteza_suprarrenal\">Corteza suprarrenal<\/a><\/td>\n<td><a href=\"https:\/\/es.wikipedia.org\/wiki\/Mineralocorticoide\">Mineralocorticoides<\/a> (<a href=\"https:\/\/es.wikipedia.org\/wiki\/Aldosterona\">aldosterona<\/a>)<\/td>\n<td>T\u00fabulos renales<\/td>\n<td>Mantiene el equilibrio de <a href=\"https:\/\/es.wikipedia.org\/wiki\/Sodio\">sodio<\/a> y <a href=\"https:\/\/es.wikipedia.org\/wiki\/Fosfato\">fosfato<\/a><\/td>\n<\/tr>\n<tr>\n<td><a href=\"https:\/\/es.wikipedia.org\/wiki\/Glucocorticoide\">Glucocorticoides<\/a> (<a href=\"https:\/\/es.wikipedia.org\/wiki\/Cortisol\">cortisol<\/a>)<\/td>\n<td>General<\/td>\n<td>Ayuda al organismo a adaptarse al estr\u00e9s a largo plazo; eleva la concentraci\u00f3n sangu\u00ednea de <a href=\"https:\/\/es.wikipedia.org\/wiki\/Glucosa\">glucosa<\/a>; moviliza grasa<\/td>\n<\/tr>\n<tr>\n<td><a href=\"https:\/\/es.wikipedia.org\/wiki\/Gl%C3%A1ndula_pineal\">Gl\u00e1ndula pineal<\/a><\/td>\n<td><a href=\"https:\/\/es.wikipedia.org\/wiki\/Melatonina\">Melatonina<\/a><\/td>\n<td>G\u00f3nadas, c\u00e9lulas pigmentarias, otros tejidos<\/td>\n<td>Influye en los procesos reproductivos en <a href=\"https:\/\/es.wikipedia.org\/wiki\/Cricetidae\">cricetos<\/a> y otros animales; <a href=\"https:\/\/es.wikipedia.org\/wiki\/Pigmentaci%C3%B3n\">pigmentaci\u00f3n<\/a> en algunos vertebrados; puede controlar biorritmos en algunos animales; puede ayudar a controlar el inicio de la <a href=\"https:\/\/es.wikipedia.org\/wiki\/Pubertad\">pubertad<\/a> en el ser humano<\/td>\n<\/tr>\n<tr>\n<td rowspan=\"2\"><a href=\"https:\/\/es.wikipedia.org\/wiki\/Ovario\">Ovario<\/a><\/td>\n<td><a href=\"https:\/\/es.wikipedia.org\/wiki\/Estr%C3%B3geno\">Estr\u00f3genos<\/a> (<a href=\"https:\/\/es.wikipedia.org\/wiki\/Estradiol\">estradiol<\/a>)<\/td>\n<td>General; \u00fatero<\/td>\n<td>Desarrollo y mantenimiento de caracteres sexuales femeninos, estimula el crecimiento del revestimiento uterino<\/td>\n<\/tr>\n<tr>\n<td><a href=\"https:\/\/es.wikipedia.org\/wiki\/Progesterona\">Progesterona<\/a><\/td>\n<td>\u00datero; mama<\/td>\n<td>Estimula el desarrollo del revestimiento uterino<\/td>\n<\/tr>\n<tr>\n<td rowspan=\"2\"><a href=\"https:\/\/es.wikipedia.org\/wiki\/Test%C3%ADculo\">Test\u00edculos<\/a><\/td>\n<td><a href=\"https:\/\/es.wikipedia.org\/wiki\/Testosterona\">Testosterona<\/a><\/td>\n<td>General; estructuras reproductivas<\/td>\n<td>Desarrollo y mantenimiento de caracteres sexuales masculinos; promueve la espermatog\u00e9nesis; produce el crecimiento en la adolescencia<\/td>\n<\/tr>\n<tr>\n<td><a href=\"https:\/\/es.wikipedia.org\/wiki\/Inhibina\">Inhibina<\/a><\/td>\n<td>L\u00f3bulo anterior de la hip\u00f3fisis<\/td>\n<td>Inhibe la liberaci\u00f3n de <a href=\"https:\/\/es.wikipedia.org\/wiki\/FSH\">FSH<\/a><\/td>\n<\/tr>\n<\/tbody>\n<\/table>\n<p>&nbsp;<\/p>\n<p>&nbsp;<\/p>\n<h2>Tipos de gl\u00e1ndulas exocrinas<\/h2>\n<ul>\n<li><a href=\"https:\/\/es.wikipedia.org\/wiki\/Gl%C3%A1ndula_sudor%C3%ADpara\">Gl\u00e1ndula sudor\u00edpara<\/a><\/li>\n<li><a href=\"https:\/\/es.wikipedia.org\/wiki\/Gl%C3%A1ndula_seb%C3%A1cea\">Gl\u00e1ndula seb\u00e1cea<\/a><\/li>\n<li><a href=\"https:\/\/es.wikipedia.org\/wiki\/Gl%C3%A1ndula_lagrimal\">Gl\u00e1ndula lagrimal<\/a><\/li>\n<li><a href=\"https:\/\/es.wikipedia.org\/wiki\/P%C3%A1ncreas\">P\u00e1ncreas<\/a><\/li>\n<li><a href=\"https:\/\/es.wikipedia.org\/wiki\/H%C3%ADgado\">H\u00edgado<\/a><\/li>\n<li><a href=\"https:\/\/es.wikipedia.org\/wiki\/Pr%C3%B3stata\">Pr\u00f3stata<\/a><\/li>\n<li><a href=\"https:\/\/es.wikipedia.org\/wiki\/Gl%C3%A1ndula_salival\">Gl\u00e1ndula salival<\/a><\/li>\n<li><a href=\"https:\/\/es.wikipedia.org\/wiki\/Gl%C3%A1ndula_mamaria\">Gl\u00e1ndula mamaria<\/a><\/li>\n<li><a href=\"https:\/\/es.wikipedia.org\/wiki\/Gl%C3%A1ndulas_bulbouretrales\">Gl\u00e1ndulas bulbouretrales<\/a> o Gl\u00e1ndulas de Cowper.<\/li>\n<li><a href=\"https:\/\/es.wikipedia.org\/wiki\/Gl%C3%A1ndulas_de_Bartolino\">Gl\u00e1ndulas de Bartolino<\/a><\/li>\n<\/ul>\n<h4><span style=\"color: #0000ff;\">P\u00e1ncreas <span style=\"color: #000000;\"> El \u00f3rgano que segrega la insulina, hormona de vital importancia para el\u00a0 metabolismo de los hidratos de carbono,\u00a0 regula el\u00a0 nivel\u00a0 de azucar en\u00a0 sangre,\u00a0 transforma los excesos de hidratos en\u00a0 grasas de reserva, y viceversa toma de las reservas cuando\u00a0 por mayor ejercicio se precisa mas combustible<\/span><\/span><\/h4>\n<p>&nbsp;<\/p>\n<p>&nbsp;<\/p>\n<p>&nbsp;<\/p>\n<p>&nbsp;<\/p>\n","protected":false},"excerpt":{"rendered":"<div class=\"mh-excerpt\"><p>LAS GLANDULAS ENDOCRIONAS Y\u00a0 EXOCRINAS &nbsp; Las endocrinas son verdaderos laboratorios que producen\u00a0 las hormonas que vierten\u00a0 a la circulaci\u00f3n sanguinea ( arterias) La materia <a class=\"mh-excerpt-more\" href=\"https:\/\/sistemasanisa.com\/index.php\/vivir-mas-y-mejor\/anexo-4-las-glandulas-del-cuerpo-humano\/\" title=\"ANEXO -4- LAS GLANDULAS DEL CUERPO HUMANO\">[&#8230;]<\/a><\/p>\n<\/div>","protected":false},"author":1,"featured_media":0,"parent":285,"menu_order":4,"comment_status":"closed","ping_status":"closed","template":"template-full.php","meta":{"footnotes":""},"_links":{"self":[{"href":"https:\/\/sistemasanisa.com\/index.php\/wp-json\/wp\/v2\/pages\/298"}],"collection":[{"href":"https:\/\/sistemasanisa.com\/index.php\/wp-json\/wp\/v2\/pages"}],"about":[{"href":"https:\/\/sistemasanisa.com\/index.php\/wp-json\/wp\/v2\/types\/page"}],"author":[{"embeddable":true,"href":"https:\/\/sistemasanisa.com\/index.php\/wp-json\/wp\/v2\/users\/1"}],"replies":[{"embeddable":true,"href":"https:\/\/sistemasanisa.com\/index.php\/wp-json\/wp\/v2\/comments?post=298"}],"version-history":[{"count":5,"href":"https:\/\/sistemasanisa.com\/index.php\/wp-json\/wp\/v2\/pages\/298\/revisions"}],"predecessor-version":[{"id":388,"href":"https:\/\/sistemasanisa.com\/index.php\/wp-json\/wp\/v2\/pages\/298\/revisions\/388"}],"up":[{"embeddable":true,"href":"https:\/\/sistemasanisa.com\/index.php\/wp-json\/wp\/v2\/pages\/285"}],"wp:attachment":[{"href":"https:\/\/sistemasanisa.com\/index.php\/wp-json\/wp\/v2\/media?parent=298"}],"curies":[{"name":"wp","href":"https:\/\/api.w.org\/{rel}","templated":true}]}}