{"id":258,"date":"2018-06-19T09:44:34","date_gmt":"2018-06-19T09:44:34","guid":{"rendered":"http:\/\/sistemasanisa.com\/?page_id=258"},"modified":"2018-06-19T09:52:56","modified_gmt":"2018-06-19T09:52:56","slug":"tratamiento-contra-el-acne","status":"publish","type":"page","link":"https:\/\/sistemasanisa.com\/index.php\/fotodepilacion\/para-clientes\/tratamiento-contra-el-acne\/","title":{"rendered":"TRATAMIENTO  CONTRA EL  ACN\u00c9"},"content":{"rendered":"<h1>TRATAMIENTO ACTIVO CONTRA\u00a0 ACN\u00c9<\/h1>\n<h2>El origen del\u00a0 acn\u00e9\u00a0 es debido\u00a0 a una excesiva\u00a0 secreci\u00f3n\u00a0 seb\u00e1cea que obstruye el canal de\u00a0 salida y\u00a0 se infecta con la bacteria\u00a0 Propinabacterium Acn\u00e9s, dicha hipersecreci\u00f3n\u00a0 puede a su\u00a0 vez tener un origen hormonal<\/h2>\n<p><strong>Lampara a utilizar y\u00a0 tipo\u00a0 de pulso :<\/strong><\/p>\n<p>&#8211; Colocar la l\u00e1mpara de <strong>390 nm. ( <\/strong>Especial , debe solicitarse\u00a0 previamente)<\/p>\n<p>&#8211; Seleccionar el\u00a0 modo\u00a0 <strong>SET 3<\/strong> ( multipulso),\u00a0 Se puede repetir el pase .<\/p>\n<p>&#8211; Situar el\u00a0 aplicador en el\u00a0 \u00e1rea a tratar, usando la mano\u00a0 libre\u00a0 para estirar la piel alrededor de la ventana a fin\u00a0 de evitar el contacto\u00a0 de la piel\u00a0 con\u00a0 el\u00a0 filtro de la l\u00e1mpara.\u00a0 Cuando\u00a0 se trate con partes\u00a0 protuberantes\u00a0 ( ment\u00f3n, nariz,\u00a0 etc.) o\u00a0 \u00e1reas peque\u00f1as ( labio superior), sugerimos insertar ventana mas peque\u00f1a .<\/p>\n<p>-El objetivo de la luz intensa IPL es destruir la bacteria causante de la aparici\u00f3n de las p\u00f3stulas y comedones t\u00edpicos del\u00a0 acn\u00e9<\/p>\n<p>&#8211; El\u00a0 n\u00famero de\u00a0 sesiones puede variar entre 3-4 sesiones a 9-10 , frecuencia\u00a0 de 2 tratamientos semanales<\/p>\n<p>Al\u00a0 finalizar\u00a0 la sesi\u00f3n\u00a0 aplicar un producto\u00a0 espec\u00edfico para cada paciente<\/p>\n<p><strong>Cuidados post-tratamiento:<\/strong><\/p>\n<ul>\n<li>Higiene extrema de la zona tratada ( con jab\u00f3n adecuado)<\/li>\n<li>Mantener la piel hidratada ( con crema adecuada)<\/li>\n<li>Evitar el sol\u00a0 directo\u00a0 o utilizar pantalla total<\/li>\n<\/ul>\n<p>Y el\u00a0 acn\u00e9 ir\u00e1 desapareciendo de forma natural<\/p>\n","protected":false},"excerpt":{"rendered":"<div class=\"mh-excerpt\"><p>TRATAMIENTO ACTIVO CONTRA\u00a0 ACN\u00c9 El origen del\u00a0 acn\u00e9\u00a0 es debido\u00a0 a una excesiva\u00a0 secreci\u00f3n\u00a0 seb\u00e1cea que obstruye el canal de\u00a0 salida y\u00a0 se infecta con <a class=\"mh-excerpt-more\" href=\"https:\/\/sistemasanisa.com\/index.php\/fotodepilacion\/para-clientes\/tratamiento-contra-el-acne\/\" title=\"TRATAMIENTO  CONTRA EL  ACN\u00c9\">[&#8230;]<\/a><\/p>\n<\/div>","protected":false},"author":1,"featured_media":0,"parent":207,"menu_order":0,"comment_status":"closed","ping_status":"closed","template":"template-full.php","meta":{"footnotes":""},"_links":{"self":[{"href":"https:\/\/sistemasanisa.com\/index.php\/wp-json\/wp\/v2\/pages\/258"}],"collection":[{"href":"https:\/\/sistemasanisa.com\/index.php\/wp-json\/wp\/v2\/pages"}],"about":[{"href":"https:\/\/sistemasanisa.com\/index.php\/wp-json\/wp\/v2\/types\/page"}],"author":[{"embeddable":true,"href":"https:\/\/sistemasanisa.com\/index.php\/wp-json\/wp\/v2\/users\/1"}],"replies":[{"embeddable":true,"href":"https:\/\/sistemasanisa.com\/index.php\/wp-json\/wp\/v2\/comments?post=258"}],"version-history":[{"count":1,"href":"https:\/\/sistemasanisa.com\/index.php\/wp-json\/wp\/v2\/pages\/258\/revisions"}],"predecessor-version":[{"id":259,"href":"https:\/\/sistemasanisa.com\/index.php\/wp-json\/wp\/v2\/pages\/258\/revisions\/259"}],"up":[{"embeddable":true,"href":"https:\/\/sistemasanisa.com\/index.php\/wp-json\/wp\/v2\/pages\/207"}],"wp:attachment":[{"href":"https:\/\/sistemasanisa.com\/index.php\/wp-json\/wp\/v2\/media?parent=258"}],"curies":[{"name":"wp","href":"https:\/\/api.w.org\/{rel}","templated":true}]}}