{"id":256,"date":"2018-06-19T09:42:16","date_gmt":"2018-06-19T09:42:16","guid":{"rendered":"http:\/\/sistemasanisa.com\/?page_id=256"},"modified":"2018-06-19T09:54:47","modified_gmt":"2018-06-19T09:54:47","slug":"tratamiento-de-las-manchas-2","status":"publish","type":"page","link":"https:\/\/sistemasanisa.com\/index.php\/fotodepilacion\/para-clientes\/tratamiento-de-las-manchas-2\/","title":{"rendered":"TRATAMIENTO  DE LAS MANCHAS"},"content":{"rendered":"<h1><u>TRATAMIENTO\u00a0 DE LAS MANCHAS <\/u><\/h1>\n<p><strong>Manchas pigmentadas epid\u00e9rmicas benignas ( Manchas solares, manchas de la edad, l\u00e9ntigos y puntos de rub\u00ed )<\/strong><\/p>\n<p>El\u00a0 envejecimiento de la piel, (fotoenvejecimiento) como\u00a0 consecuencia\u00a0 de la exposici\u00f3n sistem\u00e1tica al\u00a0 sol produce manchas de origen\u00a0 mel\u00e1nico, problema <strong>habitual<\/strong>\u00a0 en\u00a0 nuestro\u00a0 tiempo. El\u00a0 tiempo\u00a0 de exposici\u00f3n al\u00a0 sol durante toda la vida es un factor capital de la degradaci\u00f3n\u00a0 de la piel. La diferencia entre la piel expuesta y no expuesta ser\u00e1 notable. Estas manchas aparecen en los brazos, dorso de las manos, en el cuello, en la parte superior del\u00a0 pecho, en la frente y en la cara. Son mas grandes que las pecas, son manchas <strong>planas<\/strong> de color marr\u00f3n\u00a0 oscuro (a diferencia de los lunares que presentan\u00a0 relieve).\u00a0 En caso de <strong>duda<\/strong> deben haber sido\u00a0 identificadas por el\u00a0 m\u00e9dico como\u00a0 benignas y\u00a0 susceptibles\u00a0 de ser tratadas con l\u00e1ser o IPL. Antes del\u00a0 tratamiento eliminar todo\u00a0 resto\u00a0 de cremas .<\/p>\n<p>Tenemos a disposici\u00f3n de quien lo solicite l\u00e1mparas de luz de Wood ( azul-violeta) que aumenta el\u00a0 contraste de las manchas epid\u00e9rmicas ( poca utilidad)<\/p>\n<p><strong>L\u00e1mpara a utilizar: <\/strong><\/p>\n<p>Los equipos llevan una <strong>l\u00e1mpara especial solo para manchas<\/strong>,\u00a0 su\u00a0 caracter\u00edstica es que tiene mas potencia que las otras , con esta l\u00e1mpara siempre deberemos proteger la piel del\u00a0 contorno\u00a0 de la mancha, pues la quemadura en la piel ser\u00eda segura.<\/p>\n<p>En\u00a0 fototipos altos<strong> V y VI <\/strong>\u00a0\u00a0no es recomendable el tratamiento\u00a0 de las manchas.<\/p>\n<p><strong>&#8211; Formas de tratar las manchas,\u00a0 existen\u00a0 dos formas <\/strong>:<\/p>\n<h2>A)\u00a0\u00a0 De una en una, protegiendo o cubriendo la piel\u00a0 circundante<\/h2>\n<ol>\n<li>Varias a la vez, sin proteger la piel circundante .<\/li>\n<li>Al proteger la piel\u00a0 circundante, dejamos solo al descubierto la mancha a eliminar, se dispara con la l\u00e1mpara <strong>590<\/strong> a la <strong>m\u00e1xima potencia<\/strong> con\u00a0 el\u00a0 objetivo\u00a0 de producir la m\u00e1xima quemada posible en la diana. Despu\u00e9s del primer disparo esperar un par de minutos a que aumente la coloraci\u00f3n de la macha ( mas oscura) y proceder a un\u00a0 segundo<\/li>\n<\/ol>\n<p>Tener cuidado para hacer coincidir\u00a0 la mancha , con el\u00a0 orificio de la regleta\u00a0 y\u00a0 la ventanilla de la l\u00e1mpara<\/p>\n<ol>\n<li>Sin proteger la piel circundante. Se debe determinar el fototipo de la piel (protocolo medidor de melanina) y\u00a0 aplicar aquella potencia que no lesione las areas circundantes no pigmentadas, rebajando la potencia en<\/li>\n<\/ol>\n<p>los puntos que se indican en la hoja de seguimiento.\u00a0 Despu\u00e9s de realizar\u00a0\u00a0\u00a0\u00a0\u00a0\u00a0\u00a0\u00a0\u00a0 un primer pase a toda la superficie esperar un par de minutos a que aumente la coloraci\u00f3n\u00a0 de las manchas y proceder a un segundo\u00a0 pase.<\/p>\n<p>Inmediatamente despu\u00e9s de la sesi\u00f3n\u00a0 la mancha se vuelve mas oscura .\u00a0 La mancha\u00a0 puede elevarse\u00a0\u00a0 y\u00a0 aparecer inflada . Eso\u00a0 desaparece en\u00a0 7 \u2013 10 d\u00edas .<\/p>\n<p>En el caso\u00a0 de un sangrado, parar\u00a0 inmediatamente\u00a0 el\u00a0 procedimiento (excepto en los puntos de rub\u00ed de gran tama\u00f1o que suelen sangrar)<\/p>\n<p>Las lesiones evolucionan\u00a0 volvi\u00e9ndose mas oscuras y\u00a0 convirti\u00e9ndose en\u00a0 \u201ccostra\u201d y\u00a0 se terminan elimin\u00e1ndose mediante exfoliaci\u00f3n o descamaci\u00f3n.\u00a0 El\u00a0 resultado ser\u00e1 una aclaraci\u00f3n gradual de la mancha hiperpigmentada.<\/p>\n<p>El\u00a0 tiempo\u00a0 puede variar entre dos y\u00a0 tres semanas .\u00a0 No\u00a0 tocar las costras para evitar\u00a0 posibles infecciones e inflamaciones .<\/p>\n<p>No\u00a0 remover . Esto\u00a0 permite\u00a0 reducir los efectos secundarios no\u00a0 deseados<\/p>\n<p>Hasta que las rojeces\u00a0 no\u00a0 esten\u00a0 completamente resueltas evitar : Aplicar cosm\u00e9ticos, ba\u00f1os en piscina y\u00a0 evitar exposici\u00f3n\u00a0 solar<\/p>\n<p>Periodicidad :\u00a0 cada 25- 30 d\u00edas\u00a0 hasta que termina\u00a0 exfoli\u00e1ndose<\/p>\n<p>El tratamiento de \u00e1reas con tendencia a brotes de herpes\u00a0 no deber\u00eda ser tratado hasta que el\u00a0 paciente haya sido\u00a0 evaluado\u00a0 por su\u00a0 m\u00e9dico y recibido terapia profil\u00e1ctica antiviral<\/p>\n<p>Se han de tomar precauciones especiales al tratar\u00a0 \u00e1reas cercanas al\u00a0 ojo. No\u00a0 disparar dentro\u00a0 de los l\u00edmites del\u00a0 \u00e1rea del\u00a0 hueso\u00a0 orbital y\u00a0 siempre utilizar protecci\u00f3n\u00a0 ocular .<\/p>\n<p>Las contraindicaciones\u00a0 son las mismas\u00a0 que para la fotodepilaci\u00f3n\u00a0 en general: No\u00a0 embarazo, enfermedades dermatol\u00f3gicas activas , uso\u00a0 de medicamentos\u00a0 fotosensibilizantes,cualquier patolog\u00eda que a criterio m\u00e9dico pueda contraindicar el uso de la luz pulsada intensa, infecciones activas.<\/p>\n<p>Precauciones id\u00e9nticas a las de la fotodepilaci\u00f3n : No\u00a0 tomar el\u00a0 sol, ni\u00a0 UVA en las 4 semanas anteriores. Si la lesi\u00f3n pigmentada coincide en\u00a0 \u00e0reas de pelo existe la posibilidad de p\u00e9rdida del\u00a0 pelo.<\/p>\n<p>Se recomienda hacer una <strong>foto<\/strong> antes de\u00a0 iniciar el\u00a0 tratamiento, para que la clienta pueda valorar el\u00a0 resultado\u00a0 al final .<\/p>\n","protected":false},"excerpt":{"rendered":"<div class=\"mh-excerpt\"><p>TRATAMIENTO\u00a0 DE LAS MANCHAS Manchas pigmentadas epid\u00e9rmicas benignas ( Manchas solares, manchas de la edad, l\u00e9ntigos y puntos de rub\u00ed ) El\u00a0 envejecimiento de la <a class=\"mh-excerpt-more\" href=\"https:\/\/sistemasanisa.com\/index.php\/fotodepilacion\/para-clientes\/tratamiento-de-las-manchas-2\/\" title=\"TRATAMIENTO  DE LAS MANCHAS\">[&#8230;]<\/a><\/p>\n<\/div>","protected":false},"author":1,"featured_media":0,"parent":207,"menu_order":0,"comment_status":"closed","ping_status":"closed","template":"template-full.php","meta":{"footnotes":""},"_links":{"self":[{"href":"https:\/\/sistemasanisa.com\/index.php\/wp-json\/wp\/v2\/pages\/256"}],"collection":[{"href":"https:\/\/sistemasanisa.com\/index.php\/wp-json\/wp\/v2\/pages"}],"about":[{"href":"https:\/\/sistemasanisa.com\/index.php\/wp-json\/wp\/v2\/types\/page"}],"author":[{"embeddable":true,"href":"https:\/\/sistemasanisa.com\/index.php\/wp-json\/wp\/v2\/users\/1"}],"replies":[{"embeddable":true,"href":"https:\/\/sistemasanisa.com\/index.php\/wp-json\/wp\/v2\/comments?post=256"}],"version-history":[{"count":1,"href":"https:\/\/sistemasanisa.com\/index.php\/wp-json\/wp\/v2\/pages\/256\/revisions"}],"predecessor-version":[{"id":257,"href":"https:\/\/sistemasanisa.com\/index.php\/wp-json\/wp\/v2\/pages\/256\/revisions\/257"}],"up":[{"embeddable":true,"href":"https:\/\/sistemasanisa.com\/index.php\/wp-json\/wp\/v2\/pages\/207"}],"wp:attachment":[{"href":"https:\/\/sistemasanisa.com\/index.php\/wp-json\/wp\/v2\/media?parent=256"}],"curies":[{"name":"wp","href":"https:\/\/api.w.org\/{rel}","templated":true}]}}