{"id":254,"date":"2018-06-19T09:39:25","date_gmt":"2018-06-19T09:39:25","guid":{"rendered":"http:\/\/sistemasanisa.com\/?page_id=254"},"modified":"2018-06-19T09:54:13","modified_gmt":"2018-06-19T09:54:13","slug":"tratamiento-de-las-aranas-vasculares-2","status":"publish","type":"page","link":"https:\/\/sistemasanisa.com\/index.php\/fotodepilacion\/para-clientes\/tratamiento-de-las-aranas-vasculares-2\/","title":{"rendered":"TRATAMIENTO  DE LAS ARA\u00d1AS VASCULARES"},"content":{"rendered":"<h1><strong><u>TRATAMIENTO\u00a0 DE LAS ARA\u00d1AS VASCULARES<\/u><\/strong><\/h1>\n<h2>L\u00e1mparas a utilizar:<\/h2>\n<p>La de\u00a0 <strong>520<\/strong>\u00a0 nm. ( en el\u00a0 modelo Photonius) o de <strong>560 <\/strong>nm<strong>. <\/strong>( en el\u00a0 modelo\u00a0 Sal\u00f3n) nm para los <strong>vasos rojos<\/strong> ( los mas superficiales)<\/p>\n<p>Y la de\u00a0 <strong>590<\/strong>\u00a0 para los de <strong>color violeta<\/strong>. ( mas profundos).(los capilares de color violeta son\u00a0 mas dif\u00edciles de eliminar)<\/p>\n<p>En ning\u00fan caso tocaremos temas de varices, por peque\u00f1as que sean.<\/p>\n<p>Humedecer el\u00a0 \u00e1rea con\u00a0 agua fresca<\/p>\n<p>Programar una potencia\u00a0 (fluencia)\u00a0 seg\u00fan el\u00a0 esquema\u00a0 de LOS FOTOTIPOS DE LA PIEL, ver medidor de melanina, para no lesionar la piel\u00a0 circundante .<\/p>\n<p>Situar el\u00a0 aplicador en el\u00a0 \u00e1rea a tratar, usando la mano\u00a0 libre\u00a0 para estirar la piel alrededor de la ventana a fin\u00a0 de evitar el contacto\u00a0 de la piel\u00a0 con\u00a0 el\u00a0 filtro de la l\u00e1mpara.\u00a0 Cuando\u00a0 se trate con partes\u00a0 protuberantes\u00a0 ( ment\u00f3n, nariz,\u00a0 etc.) o\u00a0 \u00e1reas peque\u00f1as ( labio superior), sugerimos insertar ventana mas peque\u00f1a .<\/p>\n<p>Asegurarse de la correcta posici\u00f3n de la pieza de mano\u00a0 y\u00a0 disparar, si\u00a0 es necesario puede aplicar mas de un\u00a0 flash en la misma \u00e1rea .<\/p>\n<p>Es muy\u00a0 importante destruir la <strong>zona raiz<\/strong>\u00a0 de la ara\u00f1a\u00a0 por donde le llega\u00a0 la sangre.\u00a0 destruido\u00a0 este canal,\u00a0 el\u00a0 resto\u00a0 se secar\u00e1 solo<\/p>\n<p>Esperar unos segundos y verificar los efectos sobre la p\u00ecel .\u00a0 Un ligero enrojecimiento\u00a0 es normal . En caso\u00a0 de fuerte enrojecimiento,\u00a0 aplicar inmediatamente Aloe Vera y\u00a0 reducir\u00a0 la potencia.<\/p>\n<p>&nbsp;<\/p>\n","protected":false},"excerpt":{"rendered":"<div class=\"mh-excerpt\"><p>TRATAMIENTO\u00a0 DE LAS ARA\u00d1AS VASCULARES L\u00e1mparas a utilizar: La de\u00a0 520\u00a0 nm. ( en el\u00a0 modelo Photonius) o de 560 nm. ( en el\u00a0 modelo\u00a0 <a class=\"mh-excerpt-more\" href=\"https:\/\/sistemasanisa.com\/index.php\/fotodepilacion\/para-clientes\/tratamiento-de-las-aranas-vasculares-2\/\" title=\"TRATAMIENTO  DE LAS ARA\u00d1AS VASCULARES\">[&#8230;]<\/a><\/p>\n<\/div>","protected":false},"author":1,"featured_media":0,"parent":207,"menu_order":0,"comment_status":"closed","ping_status":"closed","template":"template-full.php","meta":{"footnotes":""},"_links":{"self":[{"href":"https:\/\/sistemasanisa.com\/index.php\/wp-json\/wp\/v2\/pages\/254"}],"collection":[{"href":"https:\/\/sistemasanisa.com\/index.php\/wp-json\/wp\/v2\/pages"}],"about":[{"href":"https:\/\/sistemasanisa.com\/index.php\/wp-json\/wp\/v2\/types\/page"}],"author":[{"embeddable":true,"href":"https:\/\/sistemasanisa.com\/index.php\/wp-json\/wp\/v2\/users\/1"}],"replies":[{"embeddable":true,"href":"https:\/\/sistemasanisa.com\/index.php\/wp-json\/wp\/v2\/comments?post=254"}],"version-history":[{"count":1,"href":"https:\/\/sistemasanisa.com\/index.php\/wp-json\/wp\/v2\/pages\/254\/revisions"}],"predecessor-version":[{"id":255,"href":"https:\/\/sistemasanisa.com\/index.php\/wp-json\/wp\/v2\/pages\/254\/revisions\/255"}],"up":[{"embeddable":true,"href":"https:\/\/sistemasanisa.com\/index.php\/wp-json\/wp\/v2\/pages\/207"}],"wp:attachment":[{"href":"https:\/\/sistemasanisa.com\/index.php\/wp-json\/wp\/v2\/media?parent=254"}],"curies":[{"name":"wp","href":"https:\/\/api.w.org\/{rel}","templated":true}]}}