{"id":252,"date":"2018-06-19T09:36:55","date_gmt":"2018-06-19T09:36:55","guid":{"rendered":"http:\/\/sistemasanisa.com\/?page_id=252"},"modified":"2018-06-19T09:53:38","modified_gmt":"2018-06-19T09:53:38","slug":"tratamiento-de-fotorejuvenecimiento-cutaneo-2","status":"publish","type":"page","link":"https:\/\/sistemasanisa.com\/index.php\/fotodepilacion\/para-clientes\/tratamiento-de-fotorejuvenecimiento-cutaneo-2\/","title":{"rendered":"TRATAMIENTO  DE FOTOREJUVENECIMIENTO  CUTANEO"},"content":{"rendered":"<h1>TRATAMIENTO\u00a0 DE\u00a0\u00a0 FOTOREJUVENECIMIENTO<strong> \u00a0 \u00a0 \u00a0 \u00a0 \u00a0 \u00a0 \u00a0 \u00a0 \u00a0 \u00a0 \u00a0 \u00a0 \u00a0 \u00a0 \u00a0 \u00a0 \u00a0\u00a0\u00a0\u00a0\u00a0\u00a0\u00a0\u00a0\u00a0\u00a0\u00a0\u00a0\u00a0\u00a0\u00a0\u00a0\u00a0\u00a0\u00a0\u00a0\u00a0\u00a0\u00a0\u00a0\u00a0\u00a0\u00a0\u00a0\u00a0\u00a0\u00a0\u00a0\u00a0\u00a0\u00a0\u00a0\u00a0\u00a0\u00a0\u00a0\u00a0 ( FACIAL)<\/strong><\/h1>\n<p><strong>\u00a0<\/strong>El\u00a0 fotorejuvenecimiento con IPL (Luz Pulsada Intensa) permite obtener una notable mejor\u00eda en el aspecto de la piel,\u00a0 no\u00a0 solamente trata la piel\u00a0 da\u00f1ada, sino\u00a0 que tambi\u00e9n\u00a0 act\u00faa sobre la piel\u00a0 sana, mejorando\u00a0 considerablemente la textura de la piel,\u00a0 estimulando\u00a0 la producci\u00f3n\u00a0 de nuevo col\u00e1geno.<\/p>\n<h2>Colocar la l\u00e1mpara\u00a0 de 590 &#8211; 560 nm.\u00a0 para fotofipos I, II y\u00a0 III<\/h2>\n<h2>\u00a0\u00a0\u00a0\u00a0\u00a0\u00a0\u00a0\u00a0\u00a0\u00a0\u00a0\u00a0\u00a0\u00a0\u00a0\u00a0\u00a0\u00a0\u00a0\u00a0 \u00a0\u00a0\u00a0\u00a0\u00a0\u00a0\u00a0\u00a0\u00a0\u00a0\u00a0\u00a0\u00a0\u00a0\u00a0\u00a0\u00a0\u00a0\u00a0640 &#8211; 695 nm.\u00a0 para fototipos IV y V<\/h2>\n<h2>Tipo\u00a0 de Pulso :\u00a0\u00a0 Seleccionar<\/h2>\n<h2>En el\u00a0 modelo PHOTONIUS el\u00a0 modo\u00a0 SET 3\u00a0 ( multipulso ). La potencia viene dada por el programa no se puede modificar<\/h2>\n<p><strong>En el modelo SAL\u00d3N<\/strong> aplicar potencia seg\u00fan\u00a0 medidor de melanina<\/p>\n<p>&#8211; La sesi\u00f3n se inicia con una cuidadosa higiene de la zona a tratar<\/p>\n<p>Limpiar el\u00a0 area a tratar\u00a0 ( Nunca utilizar productos con\u00a0 alcohol)<\/p>\n<p>Humedecer el\u00a0 \u00e1rea usando\u00a0 agua fresca<\/p>\n<p>Situar el\u00a0 aplicador en el\u00a0 \u00e1rea a tratar, usando la mano\u00a0 libre\u00a0 para estirar la piel alrededor de la ventana a fin\u00a0 de evitar el contacto\u00a0 de la piel\u00a0 con\u00a0 el\u00a0 filtro de la l\u00e1mpara.<\/p>\n<p>Cuando\u00a0 se trate con partes\u00a0 protuberantes\u00a0 ( ment\u00f3n, nariz,\u00a0 etc.) o\u00a0 \u00e1reas peque\u00f1as ( labio superior),\u00a0 Sugerimos inserta ventana mas peque\u00f1a .<\/p>\n<p>Asegurarse de la correcta posici\u00f3n de la pieza de mano\u00a0 y\u00a0 disparar.<\/p>\n<p>Esperar unos segundos y verificar los efectos sobre la p\u00ecel .\u00a0 Un ligero enrojecimiento\u00a0 es normal . En caso\u00a0 de fuerte enrojecimiento,\u00a0 aplicar inmediatamente Aloe Vera y\u00a0 reducir\u00a0 la potencia cambiando\u00a0 al\u00a0 modo <strong>SET 2.<\/strong><\/p>\n<p><strong>\u00a0<\/strong>Una vez tratada toda la zona es posible la aplicaci\u00f3n\u00a0 de un\u00a0 <strong>segundo\u00a0 pase<\/strong>, empezando\u00a0 por el\u00a0 punto\u00a0 inicial\u00a0 del primer pase.<\/p>\n<p>El\u00a0 tiempo medio de espera para valorar la respuesta en la piel es de :<\/p>\n<p>15 minutos\u00a0 en fototipos I,II y III<\/p>\n<p>24 horas\u00a0\u00a0\u00a0\u00a0\u00a0 en\u00a0 fototipos IV y V<\/p>\n<p>El\u00a0 n\u00famero de tratamientos var\u00edan\u00a0 de\u00a0 4 a 8, la repetici\u00f3n\u00a0 es entre\u00a0 15\u00a0 o\u00a0 20 d\u00edas<\/p>\n<p>Al\u00a0 finalizar la sesi\u00f3n sugerimos aplicar un gel\u00a0 refrescante,\u00a0 con una ligera acci\u00f3n antis\u00e9ptica como\u00a0 Resurgil (\u00a0 Asialene, Echinacea,\u00a0 Aloe Vera)\u00a0 Al\u00a0 d\u00eda siguiente\u00a0 se puede aplicar :<\/p>\n<ul>\n<li>Una crema antienvejecimiento\u00a0 que contenga elastina\u00a0 ( entre sesiones protegerse de la exposici\u00f3n\u00a0 solar) (\u00a0 si es necesario\u00a0 usar protector total)<\/li>\n<li>El aceite de Rosa Mosqueta es un producto\u00a0 natural , sin\u00a0 efectos secundarios que favorece los procesos de hidrataci\u00f3n, cicatrizaci\u00f3n y regeneraci\u00f3n\u00a0 naturales del\u00a0 organismo, con un nivel\u00a0 de eficacia\u00a0 probada<\/li>\n<\/ul>\n","protected":false},"excerpt":{"rendered":"<div class=\"mh-excerpt\"><p>TRATAMIENTO\u00a0 DE\u00a0\u00a0 FOTOREJUVENECIMIENTO \u00a0 \u00a0 \u00a0 \u00a0 \u00a0 \u00a0 \u00a0 \u00a0 \u00a0 \u00a0 \u00a0 \u00a0 \u00a0 \u00a0 \u00a0 \u00a0 \u00a0\u00a0\u00a0\u00a0\u00a0\u00a0\u00a0\u00a0\u00a0\u00a0\u00a0\u00a0\u00a0\u00a0\u00a0\u00a0\u00a0\u00a0\u00a0\u00a0\u00a0\u00a0\u00a0\u00a0\u00a0\u00a0\u00a0\u00a0\u00a0\u00a0\u00a0\u00a0\u00a0\u00a0\u00a0\u00a0\u00a0\u00a0\u00a0\u00a0\u00a0 ( FACIAL) \u00a0El\u00a0 fotorejuvenecimiento con <a class=\"mh-excerpt-more\" href=\"https:\/\/sistemasanisa.com\/index.php\/fotodepilacion\/para-clientes\/tratamiento-de-fotorejuvenecimiento-cutaneo-2\/\" title=\"TRATAMIENTO  DE FOTOREJUVENECIMIENTO  CUTANEO\">[&#8230;]<\/a><\/p>\n<\/div>","protected":false},"author":1,"featured_media":0,"parent":207,"menu_order":0,"comment_status":"closed","ping_status":"closed","template":"template-full.php","meta":{"footnotes":""},"_links":{"self":[{"href":"https:\/\/sistemasanisa.com\/index.php\/wp-json\/wp\/v2\/pages\/252"}],"collection":[{"href":"https:\/\/sistemasanisa.com\/index.php\/wp-json\/wp\/v2\/pages"}],"about":[{"href":"https:\/\/sistemasanisa.com\/index.php\/wp-json\/wp\/v2\/types\/page"}],"author":[{"embeddable":true,"href":"https:\/\/sistemasanisa.com\/index.php\/wp-json\/wp\/v2\/users\/1"}],"replies":[{"embeddable":true,"href":"https:\/\/sistemasanisa.com\/index.php\/wp-json\/wp\/v2\/comments?post=252"}],"version-history":[{"count":1,"href":"https:\/\/sistemasanisa.com\/index.php\/wp-json\/wp\/v2\/pages\/252\/revisions"}],"predecessor-version":[{"id":253,"href":"https:\/\/sistemasanisa.com\/index.php\/wp-json\/wp\/v2\/pages\/252\/revisions\/253"}],"up":[{"embeddable":true,"href":"https:\/\/sistemasanisa.com\/index.php\/wp-json\/wp\/v2\/pages\/207"}],"wp:attachment":[{"href":"https:\/\/sistemasanisa.com\/index.php\/wp-json\/wp\/v2\/media?parent=252"}],"curies":[{"name":"wp","href":"https:\/\/api.w.org\/{rel}","templated":true}]}}